{"id":66,"date":"2014-07-20T11:41:09","date_gmt":"2014-07-20T17:41:09","guid":{"rendered":"http:\/\/midwestalevi.org\/?page_id=66"},"modified":"2023-07-02T15:58:33","modified_gmt":"2023-07-02T21:58:33","slug":"ana-sayfa","status":"publish","type":"page","link":"https:\/\/midwestalevi.org\/en\/","title":{"rendered":"Ana Sayfa"},"content":{"rendered":"<h4 style=\"text-align: center;\">Midwest Alevi Cultural Center, Alevi-Bekta\u015fileri Amerika\u2019da Birle\u015ftiren G\u00f6n\u00fcl Yolu.<\/h4>\n<p><img loading=\"lazy\" decoding=\"async\" class=\" wp-image-433 alignleft\" src=\"http:\/\/midwestalevi.org\/wp-content\/uploads\/2014\/08\/HBVEN.jpg\" alt=\"\" width=\"287\" height=\"197\" srcset=\"https:\/\/midwestalevi.org\/wp-content\/uploads\/2014\/08\/HBVEN.jpg 481w, https:\/\/midwestalevi.org\/wp-content\/uploads\/2014\/08\/HBVEN-300x205.jpg 300w\" sizes=\"auto, (max-width: 287px) 100vw, 287px\" \/>Midwest Alevi Cultural Center (MACC), ba\u015fta Chicago-Illinois ve ABD\u2019nin Orta Bat\u0131 Eyaletleri olmak \u00fczere Amerika\u2019da ya\u015fayan Alevi-Bekta\u015fi yoluna bir inan\u00e7 ve\/veya k\u00fclt\u00fcr olarak ba\u011fl\u0131 insanlar\u0131 bir araya getirmeyi hedefleyen bir sivil toplum \u00f6rg\u00fct\u00fcd\u00fcr.<\/p>\n<p>&nbsp;<\/p>\n<p><span style=\"font-size: 16px;\">De\u011ferli Canlar,<\/span><\/p>\n<p>Sivas Katliaminda yitirdi\u011fimiz Canlar\u0131m\u0131z\u0131 30 yil sonra bir kez daha derin bir \u00f6zlem ve sevgi ile aniyoruz.<\/p>\n<p>\u201cD\u00f6ne d\u00f6ne askin narina\u201d yanan g\u00fczel Canlarimizin an\u0131s\u0131n\u0131 ve verdikleri mucadeleyi her daim ya\u015fataca\u011f\u0131z.<\/p>\n<p>Bir insanlik su\u00e7u olan Sivas Katliam\u0131 zaman a\u015f\u0131m\u0131na u\u011frat\u0131lamaz!<\/p>\n<p>Unutmad\u0131k! Unutturmayaca\u011f\u0131z! \u00a0#unutmad\u0131makl\u0131mda #sivaskatliam\u0131 #2temmuz1993<\/p>\n<blockquote><p>D\u00f6ne d\u00f6ne yand\u0131k a\u015fk\u0131n nar\u0131na<\/p>\n<p>Ben garibim sen garipsin g\u00fczel dost<\/p>\n<p>Neler vermedim senin u\u011fruna<\/p>\n<p>Ben garibim sen garipsin g\u00fczel dost<\/p>\n<p>Bilmez idim ate\u015f ile duman\u0131<\/p>\n<p>Ben ba\u015fka tan\u0131rd\u0131m ikrar iman\u0131<\/p>\n<p>Sen kald\u0131rd\u0131n g\u00f6nl\u00fcmdeki g\u00fcman\u0131<\/p>\n<p>Ben garibim sen garipsin g\u00fczel dost<\/p>\n<p>Akarsu&#8217;yum yaram\u0131z \u00e7ok derinden<\/p>\n<p>Bir olsayd\u0131k yer oynard\u0131 yerinden<\/p>\n<p>\u00d6ld\u00fc\u011f\u00fcm\u00fc duyar isen birinden<\/p>\n<p>Ben garibim sen garipsin g\u00fczel dost<\/p><\/blockquote>\n<p>https:\/\/kutuphane.madimak.org\/tr<\/p>\n<p>&nbsp;<\/p>\n<p><a href=\"http:\/\/midwestalevi.org\/wp-content\/uploads\/2019\/12\/MACC_Covid-19_Flyer_03_21_20.pdf\">Korona Virus (COVID-19) hakkindaki mesajimiz icin lutfen tiklayin<\/a><\/p>\n<div><\/div>\n","protected":false},"excerpt":{"rendered":"<p>Midwest Alevi Cultural Center, Alevi-Bekta\u015fileri Amerika\u2019da Birle\u015ftiren G\u00f6n\u00fcl Yolu. Midwest Alevi Cultural Center (MACC), ba\u015fta Chicago-Illinois ve ABD\u2019nin Orta Bat\u0131 Eyaletleri olmak \u00fczere Amerika\u2019da ya\u015fayan Alevi-Bekta\u015fi yoluna bir inan\u00e7 ve\/veya k\u00fclt\u00fcr olarak ba\u011fl\u0131 insanlar\u0131 bir araya getirmeyi hedefleyen bir sivil toplum \u00f6rg\u00fct\u00fcd\u00fcr. &nbsp; De\u011ferli Canlar, Sivas Katliaminda yitirdi\u011fimiz Canlar\u0131m\u0131z\u0131 30 yil sonra bir kez daha&#8230;<\/p>\n","protected":false},"author":1,"featured_media":0,"parent":0,"menu_order":0,"comment_status":"closed","ping_status":"closed","template":"","meta":{"footnotes":""},"class_list":["post-66","page","type-page","status-publish","hentry"],"_links":{"self":[{"href":"https:\/\/midwestalevi.org\/en\/wp-json\/wp\/v2\/pages\/66","targetHints":{"allow":["GET"]}}],"collection":[{"href":"https:\/\/midwestalevi.org\/en\/wp-json\/wp\/v2\/pages"}],"about":[{"href":"https:\/\/midwestalevi.org\/en\/wp-json\/wp\/v2\/types\/page"}],"author":[{"embeddable":true,"href":"https:\/\/midwestalevi.org\/en\/wp-json\/wp\/v2\/users\/1"}],"replies":[{"embeddable":true,"href":"https:\/\/midwestalevi.org\/en\/wp-json\/wp\/v2\/comments?post=66"}],"version-history":[{"count":88,"href":"https:\/\/midwestalevi.org\/en\/wp-json\/wp\/v2\/pages\/66\/revisions"}],"predecessor-version":[{"id":1759,"href":"https:\/\/midwestalevi.org\/en\/wp-json\/wp\/v2\/pages\/66\/revisions\/1759"}],"wp:attachment":[{"href":"https:\/\/midwestalevi.org\/en\/wp-json\/wp\/v2\/media?parent=66"}],"curies":[{"name":"wp","href":"https:\/\/api.w.org\/{rel}","templated":true}]}}