{"id":1163,"date":"2018-04-06T14:05:28","date_gmt":"2018-04-06T20:05:28","guid":{"rendered":"http:\/\/midwestalevi.org\/?page_id=1163"},"modified":"2019-12-28T14:27:26","modified_gmt":"2019-12-28T20:27:26","slug":"2018-etkinlikler-events","status":"publish","type":"page","link":"https:\/\/midwestalevi.org\/tr\/2018-etkinlikler-events\/","title":{"rendered":"2018 Etkinlikler \/ Events"},"content":{"rendered":"<p>&nbsp;<\/p>\n<ul>\n<li>November 23rd, 2018: History, teachings and Music in Alevi-Bektashi Tradition<\/li>\n<\/ul>\n<p style=\"text-align: right;\"><a href=\"http:\/\/midwestalevi.org\/wp-content\/uploads\/2014\/08\/AleviBektashiWorkshopSeries.jpg\"><img loading=\"lazy\" decoding=\"async\" class=\"alignleft size-medium wp-image-1535\" src=\"http:\/\/midwestalevi.org\/wp-content\/uploads\/2014\/08\/AleviBektashiWorkshopSeries-214x300.jpg\" alt=\"AleviBektashiWorkshopSeries\" width=\"214\" height=\"300\" srcset=\"https:\/\/midwestalevi.org\/wp-content\/uploads\/2014\/08\/AleviBektashiWorkshopSeries-214x300.jpg 214w, https:\/\/midwestalevi.org\/wp-content\/uploads\/2014\/08\/AleviBektashiWorkshopSeries.jpg 731w, https:\/\/midwestalevi.org\/wp-content\/uploads\/2014\/08\/AleviBektashiWorkshopSeries-600x840.jpg 600w\" sizes=\"auto, (max-width: 214px) 100vw, 214px\" \/><\/a><strong>Alevi-Bekta\u015fi Seminerleri<\/strong><br \/>\nAmerika ve T\u00fcrkiye\u2019den katilan akademisyenlerimizle (Ayfer Karakaya-Stump, College of William and Mary; Yusuf Benli, \u0130stanbul \u00dcniversitesi; Ezgi Benli, \u0130ndiana \u00dcniversitesi; Ozan Ceylan, Hali\u00e7 \u00dcniversitesi) Alevilik-Bektasilik tarihi, o\u011freti\u015fi ve m\u00fczi\u011fini konu alan Alevi-Bekta\u015fi Seminerleri etkinli\u011fimizi 2018 y\u0131l\u0131 sonunda Chicago, Washington ve New York\u2019da ger\u00e7ekle\u015ftirdik.<\/p>\n<p style=\"text-align: right;\"><strong>Alevi-Bekta\u015fhi Workshop<\/strong><br \/>\nWe brought together academicians from Turkey and United States (Ayfer Karakaya-Stump, College of William and Mary; Yusuf Benli, \u0130stanbul \u00dcniversitesi; Ezgi Benli, \u0130ndiana<br \/>\n<a href=\"http:\/\/midwestalevi.org\/wp-content\/uploads\/2019\/12\/DSC_7468.jpg\"><img loading=\"lazy\" decoding=\"async\" class=\"alignleft wp-image-1669 size-medium\" src=\"http:\/\/midwestalevi.org\/wp-content\/uploads\/2019\/12\/DSC_7468-300x200.jpg\" alt=\"DSC_7468\" width=\"300\" height=\"200\" srcset=\"https:\/\/midwestalevi.org\/wp-content\/uploads\/2019\/12\/DSC_7468-300x200.jpg 300w, https:\/\/midwestalevi.org\/wp-content\/uploads\/2019\/12\/DSC_7468-1024x684.jpg 1024w, https:\/\/midwestalevi.org\/wp-content\/uploads\/2019\/12\/DSC_7468-600x401.jpg 600w, https:\/\/midwestalevi.org\/wp-content\/uploads\/2019\/12\/DSC_7468-800x534.jpg 800w\" sizes=\"auto, (max-width: 300px) 100vw, 300px\" \/><\/a>\u00dcniversitesi; Ozan Ceylan, Hali\u00e7 \u00dcniversitesi) for our first workshop about Alevi and Bektashi history, teachings and music at the end of 2018. This workshop has been organized in Chicago, Washington and New York.<\/p>\n<p>&nbsp;<\/p>\n<p>&nbsp;<\/p>\n<hr \/>\n<p>&nbsp;<\/p>\n<ul>\n<li>July 22nd, 2019: MACC 4th Annual picnic<\/li>\n<\/ul>\n<p><a href=\"http:\/\/midwestalevi.org\/wp-content\/uploads\/2018\/07\/MACC4Piknik.jpg\"><img loading=\"lazy\" decoding=\"async\" class=\"alignleft wp-image-1481 size-medium\" src=\"http:\/\/midwestalevi.org\/wp-content\/uploads\/2018\/07\/MACC4Piknik-300x225.jpg\" alt=\"MACC4Piknik\" width=\"300\" height=\"225\" srcset=\"https:\/\/midwestalevi.org\/wp-content\/uploads\/2018\/07\/MACC4Piknik-300x225.jpg 300w, https:\/\/midwestalevi.org\/wp-content\/uploads\/2018\/07\/MACC4Piknik-600x450.jpg 600w, https:\/\/midwestalevi.org\/wp-content\/uploads\/2018\/07\/MACC4Piknik.jpg 720w\" sizes=\"auto, (max-width: 300px) 100vw, 300px\" \/><\/a><a href=\"http:\/\/midwestalevi.org\/wp-content\/uploads\/2018\/07\/MACC4Picnic.jpg\"><img loading=\"lazy\" decoding=\"async\" class=\"alignright wp-image-1482 size-medium\" src=\"http:\/\/midwestalevi.org\/wp-content\/uploads\/2018\/07\/MACC4Picnic-300x225.jpg\" alt=\"MACC4Picnic\" width=\"300\" height=\"225\" srcset=\"https:\/\/midwestalevi.org\/wp-content\/uploads\/2018\/07\/MACC4Picnic-300x225.jpg 300w, https:\/\/midwestalevi.org\/wp-content\/uploads\/2018\/07\/MACC4Picnic-600x450.jpg 600w, https:\/\/midwestalevi.org\/wp-content\/uploads\/2018\/07\/MACC4Picnic.jpg 720w\" sizes=\"auto, (max-width: 300px) 100vw, 300px\" \/><\/a><\/p>\n<p>&nbsp;<\/p>\n<p>&nbsp;<\/p>\n<p>&nbsp;<\/p>\n<p>&nbsp;<\/p>\n<p>&nbsp;<\/p>\n<p>&nbsp;<\/p>\n<div id=\"metaslider-id-1528\" style=\"max-width: 640px;\" class=\"ml-slider-3-107-0 metaslider metaslider-flex metaslider-1528 ml-slider ms-theme-default nav-hidden\" role=\"region\" aria-label=\"Piknik 2018\" data-height=\"480\" data-width=\"640\">\n    <div id=\"metaslider_container_1528\">\n        <div id=\"metaslider_1528\">\n            <ul class='slides'>\n                <li style=\"display: block; width: 100%;\" class=\"slide-1526 ms-image\" aria-roledescription=\"slide\" data-date=\"2018-10-19 00:13:00\" data-filename=\"DSC_6549-640x480.jpg\" data-slide-type=\"image\"><a href=\"http:\/\/midwestalevi.org\/tr\/2018-etkinlikler-events\/\" target=\"_self\" aria-label=\"View Slide Details\" class=\"metaslider_image_link\"><img loading=\"lazy\" decoding=\"async\" src=\"https:\/\/midwestalevi.org\/wp-content\/uploads\/2018\/04\/DSC_6549-640x480.jpg\" height=\"480\" width=\"640\" alt=\"\" class=\"slider-1528 slide-1526 msDefaultImage\" \/><\/a><div class=\"caption-wrap\"><div class=\"caption\">4th annual Picnic 2018<\/div><\/div><\/li>\n                <li style=\"display: none; width: 100%;\" class=\"slide-1525 ms-image\" aria-roledescription=\"slide\" data-date=\"2018-10-19 00:12:35\" data-filename=\"DSC_6527-640x480.jpg\" data-slide-type=\"image\"><a href=\"http:\/\/midwestalevi.org\/tr\/2018-etkinlikler-events\/\" target=\"_self\" aria-label=\"View Slide Details\" class=\"metaslider_image_link\"><img loading=\"lazy\" decoding=\"async\" src=\"https:\/\/midwestalevi.org\/wp-content\/uploads\/2018\/04\/DSC_6527-640x480.jpg\" height=\"480\" width=\"640\" alt=\"\" class=\"slider-1528 slide-1525 msDefaultImage\" \/><\/a><div class=\"caption-wrap\"><div class=\"caption\">4th annual picnic 2018<\/div><\/div><\/li>\n                <li style=\"display: none; width: 100%;\" class=\"slide-1524 ms-image\" aria-roledescription=\"slide\" data-date=\"2018-10-19 00:11:53\" data-filename=\"DSC_6501-640x480.jpg\" data-slide-type=\"image\"><a href=\"http:\/\/midwestalevi.org\/tr\/2018-etkinlikler-events\/\" target=\"_self\" aria-label=\"View Slide Details\" class=\"metaslider_image_link\"><img loading=\"lazy\" decoding=\"async\" src=\"https:\/\/midwestalevi.org\/wp-content\/uploads\/2018\/04\/DSC_6501-640x480.jpg\" height=\"480\" width=\"640\" alt=\"\" class=\"slider-1528 slide-1524 msDefaultImage\" \/><\/a><div class=\"caption-wrap\"><div class=\"caption\">4th annual picnic 2018<\/div><\/div><\/li>\n                <li style=\"display: none; width: 100%;\" class=\"slide-1523 ms-image\" aria-roledescription=\"slide\" data-date=\"2018-10-19 00:11:26\" data-filename=\"DSC_6497-640x480.jpg\" data-slide-type=\"image\"><a href=\"http:\/\/midwestalevi.org\/tr\/2018-etkinlikler-events\/\" target=\"_self\" aria-label=\"View Slide Details\" class=\"metaslider_image_link\"><img loading=\"lazy\" decoding=\"async\" src=\"https:\/\/midwestalevi.org\/wp-content\/uploads\/2018\/04\/DSC_6497-640x480.jpg\" height=\"480\" width=\"640\" alt=\"\" class=\"slider-1528 slide-1523 msDefaultImage\" \/><\/a><div class=\"caption-wrap\"><div class=\"caption\">4th annual picnic 2018<\/div><\/div><\/li>\n                <li style=\"display: none; width: 100%;\" class=\"slide-1514 ms-image\" aria-roledescription=\"slide\" data-date=\"2018-10-19 00:07:25\" data-filename=\"DSC_6417-640x480.jpg\" data-slide-type=\"image\"><img loading=\"lazy\" decoding=\"async\" src=\"https:\/\/midwestalevi.org\/wp-content\/uploads\/2018\/04\/DSC_6417-640x480.jpg\" height=\"480\" width=\"640\" alt=\"\" class=\"slider-1528 slide-1514 msDefaultImage\" \/><\/li>\n                <li style=\"display: none; width: 100%;\" class=\"slide-1522 ms-image\" aria-roledescription=\"slide\" data-date=\"2018-10-19 00:10:51\" data-filename=\"DSC_6480-640x480.jpg\" data-slide-type=\"image\"><a href=\"http:\/\/midwestalevi.org\/tr\/2018-etkinlikler-events\/\" target=\"_self\" aria-label=\"View Slide Details\" class=\"metaslider_image_link\"><img loading=\"lazy\" decoding=\"async\" src=\"https:\/\/midwestalevi.org\/wp-content\/uploads\/2018\/04\/DSC_6480-640x480.jpg\" height=\"480\" width=\"640\" alt=\"\" class=\"slider-1528 slide-1522 msDefaultImage\" \/><\/a><div class=\"caption-wrap\"><div class=\"caption\">4th annual picnic 2018<\/div><\/div><\/li>\n                <li style=\"display: none; width: 100%;\" class=\"slide-1520 ms-image\" aria-roledescription=\"slide\" data-date=\"2018-10-19 00:09:54\" data-filename=\"DSC_6462-640x480.jpg\" data-slide-type=\"image\"><img loading=\"lazy\" decoding=\"async\" src=\"https:\/\/midwestalevi.org\/wp-content\/uploads\/2018\/04\/DSC_6462-640x480.jpg\" height=\"480\" width=\"640\" alt=\"\" class=\"slider-1528 slide-1520 msDefaultImage\" \/><\/li>\n                <li style=\"display: none; width: 100%;\" class=\"slide-1513 ms-image\" aria-roledescription=\"slide\" data-date=\"2018-10-19 00:07:04\" data-filename=\"DSC_6415-640x480.jpg\" data-slide-type=\"image\"><img loading=\"lazy\" decoding=\"async\" src=\"https:\/\/midwestalevi.org\/wp-content\/uploads\/2018\/04\/DSC_6415-640x480.jpg\" height=\"480\" width=\"640\" alt=\"\" class=\"slider-1528 slide-1513 msDefaultImage\" \/><\/li>\n                <li style=\"display: none; width: 100%;\" class=\"slide-1521 ms-image\" aria-roledescription=\"slide\" data-date=\"2018-10-19 00:10:21\" data-filename=\"DSC_6468-640x480.jpg\" data-slide-type=\"image\"><a href=\"http:\/\/midwestalevi.org\/tr\/2018-etkinlikler-events\/\" target=\"_self\" aria-label=\"View Slide Details\" class=\"metaslider_image_link\"><img loading=\"lazy\" decoding=\"async\" src=\"https:\/\/midwestalevi.org\/wp-content\/uploads\/2018\/04\/DSC_6468-640x480.jpg\" height=\"480\" width=\"640\" alt=\"\" class=\"slider-1528 slide-1521 msDefaultImage\" \/><\/a><div class=\"caption-wrap\"><div class=\"caption\">4th annual picnic 2018<\/div><\/div><\/li>\n                <li style=\"display: none; width: 100%;\" class=\"slide-1512 ms-image\" aria-roledescription=\"slide\" data-date=\"2018-10-19 00:06:35\" data-filename=\"DSC_6407-640x480.jpg\" data-slide-type=\"image\"><img loading=\"lazy\" decoding=\"async\" src=\"https:\/\/midwestalevi.org\/wp-content\/uploads\/2018\/04\/DSC_6407-640x480.jpg\" height=\"480\" width=\"640\" alt=\"\" class=\"slider-1528 slide-1512 msDefaultImage\" \/><\/li>\n                <li style=\"display: none; width: 100%;\" class=\"slide-1511 ms-image\" aria-roledescription=\"slide\" data-date=\"2018-10-19 00:06:11\" data-filename=\"DSC_6403-640x480.jpg\" data-slide-type=\"image\"><img loading=\"lazy\" decoding=\"async\" src=\"https:\/\/midwestalevi.org\/wp-content\/uploads\/2018\/04\/DSC_6403-640x480.jpg\" height=\"480\" width=\"640\" alt=\"\" class=\"slider-1528 slide-1511 msDefaultImage\" \/><\/li>\n                <li style=\"display: none; width: 100%;\" class=\"slide-1510 ms-image\" aria-roledescription=\"slide\" data-date=\"2018-10-19 00:05:47\" data-filename=\"DSC_6402-640x480.jpg\" data-slide-type=\"image\"><img loading=\"lazy\" decoding=\"async\" src=\"https:\/\/midwestalevi.org\/wp-content\/uploads\/2018\/04\/DSC_6402-640x480.jpg\" height=\"480\" width=\"640\" alt=\"\" class=\"slider-1528 slide-1510 msDefaultImage\" \/><\/li>\n                <li style=\"display: none; width: 100%;\" class=\"slide-1519 ms-image\" aria-roledescription=\"slide\" data-date=\"2018-10-19 00:09:21\" data-filename=\"DSC_6442-640x480.jpg\" data-slide-type=\"image\"><a href=\"http:\/\/midwestalevi.org\/tr\/2018-etkinlikler-events\/\" target=\"_self\" aria-label=\"View Slide Details\" class=\"metaslider_image_link\"><img loading=\"lazy\" decoding=\"async\" src=\"https:\/\/midwestalevi.org\/wp-content\/uploads\/2018\/04\/DSC_6442-640x480.jpg\" height=\"480\" width=\"640\" alt=\"\" class=\"slider-1528 slide-1519 msDefaultImage\" \/><\/a><div class=\"caption-wrap\"><div class=\"caption\">4th annual picnic 2018<\/div><\/div><\/li>\n                <li style=\"display: none; width: 100%;\" class=\"slide-1516 ms-image\" aria-roledescription=\"slide\" data-date=\"2018-10-19 00:08:10\" data-filename=\"DSC_6424-640x480.jpg\" data-slide-type=\"image\"><img loading=\"lazy\" decoding=\"async\" src=\"https:\/\/midwestalevi.org\/wp-content\/uploads\/2018\/04\/DSC_6424-640x480.jpg\" height=\"480\" width=\"640\" alt=\"\" class=\"slider-1528 slide-1516 msDefaultImage\" \/><\/li>\n                <li style=\"display: none; width: 100%;\" class=\"slide-1518 ms-image\" aria-roledescription=\"slide\" data-date=\"2018-10-19 00:09:04\" data-filename=\"DSC_6434-640x480.jpg\" data-slide-type=\"image\"><a href=\"http:\/\/midwestalevi.org\/tr\/2018-etkinlikler-events\/\" target=\"_self\" aria-label=\"View Slide Details\" class=\"metaslider_image_link\"><img loading=\"lazy\" decoding=\"async\" src=\"https:\/\/midwestalevi.org\/wp-content\/uploads\/2018\/04\/DSC_6434-640x480.jpg\" height=\"480\" width=\"640\" alt=\"\" class=\"slider-1528 slide-1518 msDefaultImage\" \/><\/a><div class=\"caption-wrap\"><div class=\"caption\">4th annual picnic 2018<\/div><\/div><\/li>\n                <li style=\"display: none; width: 100%;\" class=\"slide-1517 ms-image\" aria-roledescription=\"slide\" data-date=\"2018-10-19 00:08:33\" data-filename=\"DSC_6427-640x480.jpg\" data-slide-type=\"image\"><a href=\"http:\/\/midwestalevi.org\/tr\/2018-etkinlikler-events\/\" target=\"_self\" aria-label=\"View Slide Details\" class=\"metaslider_image_link\"><img loading=\"lazy\" decoding=\"async\" src=\"https:\/\/midwestalevi.org\/wp-content\/uploads\/2018\/04\/DSC_6427-640x480.jpg\" height=\"480\" width=\"640\" alt=\"\" class=\"slider-1528 slide-1517 msDefaultImage\" \/><\/a><div class=\"caption-wrap\"><div class=\"caption\">4th annual picnic 2018<\/div><\/div><\/li>\n                <li style=\"display: none; width: 100%;\" class=\"slide-1515 ms-image\" aria-roledescription=\"slide\" data-date=\"2018-10-19 00:07:48\" data-filename=\"DSC_6423-640x480.jpg\" data-slide-type=\"image\"><a href=\"http:\/\/midwestalevi.org\/tr\/2018-etkinlikler-events\/\" target=\"_self\" aria-label=\"View Slide Details\" class=\"metaslider_image_link\"><img loading=\"lazy\" decoding=\"async\" src=\"https:\/\/midwestalevi.org\/wp-content\/uploads\/2018\/04\/DSC_6423-640x480.jpg\" height=\"480\" width=\"640\" alt=\"\" class=\"slider-1528 slide-1515 msDefaultImage\" \/><\/a><div class=\"caption-wrap\"><div class=\"caption\">4th MACC Picnic 2018<\/div><\/div><\/li>\n            <\/ul>\n        <\/div>\n        \n    <\/div>\n<\/div>\n<p>&nbsp;<\/p>\n<hr \/>\n<p>&nbsp;<\/p>\n<p><strong>A\u015fure g\u00fcn\u00fc 2018:<\/strong><\/p>\n<p><iframe loading=\"lazy\" src=\"https:\/\/www.youtube.com\/embed\/Dp3ISnhHSHI\" width=\"560\" height=\"315\" frameborder=\"0\" allowfullscreen=\"allowfullscreen\"><\/iframe><\/p>\n<p>&nbsp;<\/p>\n<hr \/>\n<ul>\n<li>May 19th, 2018:<\/li>\n<\/ul>\n<p><span class=\"_4n-j _fbReactionComponent__eventDetailsContentTags fsl\" data-testid=\"event-permalink-details\"><strong>MACC is honored to welcome Ahmet \u0130hvani and Ahmet Aslan for a Chicago concert!<\/strong><\/span><\/p>\n<figure id=\"attachment_1095\" aria-describedby=\"caption-attachment-1095\" style=\"width: 212px\" class=\"wp-caption alignleft\"><a href=\"http:\/\/midwestalevi.seatyourself.biz\"><img loading=\"lazy\" decoding=\"async\" class=\"wp-image-1095 size-medium\" src=\"http:\/\/midwestalevi.org\/wp-content\/uploads\/2014\/08\/Chicago-Concert-212x300.jpg\" alt=\"Concert: Ahmet \u0130hvani &amp; Ahmet Aslan, May 19th 2018\" width=\"212\" height=\"300\" srcset=\"https:\/\/midwestalevi.org\/wp-content\/uploads\/2014\/08\/Chicago-Concert-212x300.jpg 212w, https:\/\/midwestalevi.org\/wp-content\/uploads\/2014\/08\/Chicago-Concert-724x1024.jpg 724w, https:\/\/midwestalevi.org\/wp-content\/uploads\/2014\/08\/Chicago-Concert-600x849.jpg 600w, https:\/\/midwestalevi.org\/wp-content\/uploads\/2014\/08\/Chicago-Concert-800x1131.jpg 800w, https:\/\/midwestalevi.org\/wp-content\/uploads\/2014\/08\/Chicago-Concert.jpg 1448w\" sizes=\"auto, (max-width: 212px) 100vw, 212px\" \/><\/a><figcaption id=\"caption-attachment-1095\" class=\"wp-caption-text\">Concert: Ahmet \u0130hvani &amp; Ahmet Aslan,<br \/> May 19th 2018<\/figcaption><\/figure>\n<p><span class=\"_4n-j _fbReactionComponent__eventDetailsContentTags fsl\" data-testid=\"event-permalink-details\"><span title=\"Edited\"><img loading=\"lazy\" decoding=\"async\" class=\"wp-image-1191 alignnone\" src=\"http:\/\/midwestalevi.org\/wp-content\/uploads\/2018\/04\/iii250_l-150x150.jpg\" alt=\"iii250_l\" width=\"25\" height=\"25\" srcset=\"https:\/\/midwestalevi.org\/wp-content\/uploads\/2018\/04\/iii250_l-150x150.jpg 150w, https:\/\/midwestalevi.org\/wp-content\/uploads\/2018\/04\/iii250_l-300x300.jpg 300w, https:\/\/midwestalevi.org\/wp-content\/uploads\/2018\/04\/iii250_l-600x600.jpg 600w, https:\/\/midwestalevi.org\/wp-content\/uploads\/2018\/04\/iii250_l-800x800.jpg 800w, https:\/\/midwestalevi.org\/wp-content\/uploads\/2018\/04\/iii250_l.jpg 1000w\" sizes=\"auto, (max-width: 25px) 100vw, 25px\" \/><\/span><span title=\"Edited\"><br \/>\nJoin us for a one of a kind event in Chicago: Anatolian songs reinterpreted by world acclaimed artists.<\/span><br \/>\nFor families with children up to 15 years old, please <a href=\"mailto:info@midwestalevi.org\" target=\"_blank\">contact us<\/a> for a discount code. MACC members should have received an email with a discount code.<br \/>\nOur organization would like to thank our sponsors <a title=\"KE Salon\" href=\"http:\/\/www.kesalonchicago.com\" target=\"_blank\">KE Salon<\/a>, <a title=\"Pera Turkish Kitchen\" href=\"http:\/\/perachicago.com\/\" target=\"_blank\">Pera Turkish Kitchen<\/a>, <a title=\"Zizi's Cafe\" href=\"http:\/\/www.zizischicago.com\/\" target=\"_blank\">Zizi&#8217;s Cafe<\/a>, Golf Mill Shell and <a title=\"Anatolia Turkish Kitchen\" href=\"https:\/\/www.facebook.com\/Anatolia-Kitchen-Bakery-1961458870776469\/\" target=\"_blank\">Anatolia Turkish Kitchen<\/a> for their support to this event.<\/span><\/p>\n<p><span title=\"Edited\"><img loading=\"lazy\" decoding=\"async\" class=\"alignnone wp-image-1190\" src=\"http:\/\/midwestalevi.org\/wp-content\/uploads\/2018\/04\/tr-150x150.png\" alt=\"tr\" width=\"25\" height=\"25\" srcset=\"https:\/\/midwestalevi.org\/wp-content\/uploads\/2018\/04\/tr-150x150.png 150w, https:\/\/midwestalevi.org\/wp-content\/uploads\/2018\/04\/tr.png 256w\" sizes=\"auto, (max-width: 25px) 100vw, 25px\" \/><br \/>\nMACC Ahmet Ihvani &amp; Ahmet Aslan Chicago Konseri. Rezervasyon i\u00e7in yukaridaki linke t\u0131klay\u0131n\u0131z. Sizleri de aramizda g\u00f6rmek isteriz!<br \/>\n\u00c7ocuklar i\u00e7in indirimli bilet almak istiyorsaniz <a href=\"mailto:info@midwestalevi.org\" target=\"_blank\">bize ula\u015f\u0131n<\/a>. \u00dcyelerimize \u00f6zel indirim kodu elektronik posta dan yollanmi\u015ftir.<br \/>\nSponsorlar\u0131m\u0131za destekleri i\u00e7in te\u015fekk\u00fcr ederiz: <a title=\"KE Salon\" href=\"http:\/\/www.kesalonchicago.com\" target=\"_blank\">KE Salon<\/a>, <a title=\"Pera Turkish Kitchen\" href=\"http:\/\/perachicago.com\/\" target=\"_blank\">Pera Turkish Kitchen<\/a>, <a title=\"Zizi's Cafe\" href=\"http:\/\/www.zizischicago.com\/\" target=\"_blank\">Zizi&#8217;s Cafe<\/a>, Golf Mill Shell ve\u00a0<a title=\"Anatolia Turkish Kitchen\" href=\"https:\/\/www.facebook.com\/Anatolia-Kitchen-Bakery-1961458870776469\/\" target=\"_blank\">Anatolia Turkish Kitchen<\/a>. <\/span><\/p>\n<p><strong>Where?<br \/>\n<\/strong><a title=\"Google Maps\" href=\"https:\/\/goo.gl\/maps\/V8kErRYSFZT2\" target=\"_blank\">Ethical Humanist Society of Chicago<\/a><\/p>\n<h5 style=\"text-align: center;\">Midwest Alevi Cultural Center, The path of soul that unites Alevi-Betkashis in the United States.<\/h5>\n<p>&nbsp;<\/p>","protected":false},"excerpt":{"rendered":"<p>&nbsp; November 23rd, 2018: History, teachings and Music in Alevi-Bektashi Tradition Alevi-Bekta\u015fi Seminerleri Amerika ve T\u00fcrkiye\u2019den katilan akademisyenlerimizle (Ayfer Karakaya-Stump, College of William and Mary; Yusuf Benli, \u0130stanbul \u00dcniversitesi; Ezgi Benli, \u0130ndiana \u00dcniversitesi; Ozan Ceylan, Hali\u00e7 \u00dcniversitesi) Alevilik-Bektasilik tarihi, o\u011freti\u015fi ve m\u00fczi\u011fini konu alan Alevi-Bekta\u015fi Seminerleri etkinli\u011fimizi 2018 y\u0131l\u0131 sonunda Chicago, Washington ve New York\u2019da&#8230;<\/p>","protected":false},"author":5,"featured_media":0,"parent":0,"menu_order":0,"comment_status":"closed","ping_status":"closed","template":"","meta":{"footnotes":""},"class_list":["post-1163","page","type-page","status-publish","hentry"],"_links":{"self":[{"href":"https:\/\/midwestalevi.org\/tr\/wp-json\/wp\/v2\/pages\/1163","targetHints":{"allow":["GET"]}}],"collection":[{"href":"https:\/\/midwestalevi.org\/tr\/wp-json\/wp\/v2\/pages"}],"about":[{"href":"https:\/\/midwestalevi.org\/tr\/wp-json\/wp\/v2\/types\/page"}],"author":[{"embeddable":true,"href":"https:\/\/midwestalevi.org\/tr\/wp-json\/wp\/v2\/users\/5"}],"replies":[{"embeddable":true,"href":"https:\/\/midwestalevi.org\/tr\/wp-json\/wp\/v2\/comments?post=1163"}],"version-history":[{"count":16,"href":"https:\/\/midwestalevi.org\/tr\/wp-json\/wp\/v2\/pages\/1163\/revisions"}],"predecessor-version":[{"id":1532,"href":"https:\/\/midwestalevi.org\/tr\/wp-json\/wp\/v2\/pages\/1163\/revisions\/1532"}],"wp:attachment":[{"href":"https:\/\/midwestalevi.org\/tr\/wp-json\/wp\/v2\/media?parent=1163"}],"curies":[{"name":"wp","href":"https:\/\/api.w.org\/{rel}","templated":true}]}}