{"id":1165,"date":"2018-04-06T14:04:46","date_gmt":"2018-04-06T20:04:46","guid":{"rendered":"http:\/\/midwestalevi.org\/?page_id=1165"},"modified":"2018-05-31T12:48:57","modified_gmt":"2018-05-31T18:48:57","slug":"2018-chicago-concert","status":"publish","type":"page","link":"https:\/\/midwestalevi.org\/tr\/2018-chicago-concert\/","title":{"rendered":"Ahmet \u0130hvani &#038; Ahmet Aslan Chicago Concert"},"content":{"rendered":"<p><span class=\"_4n-j _fbReactionComponent__eventDetailsContentTags fsl\" data-testid=\"event-permalink-details\"><strong>MACC is honored to welcome Ahmet \u0130hvani and Ahmet Aslan for a Chicago concert!<\/strong><\/span><\/p>\n<p>&nbsp;<\/p>\n<figure id=\"attachment_1095\" aria-describedby=\"caption-attachment-1095\" style=\"width: 1448px\" class=\"wp-caption aligncenter\"><a href=\"http:\/\/midwestalevi.seatyourself.biz\"><img loading=\"lazy\" decoding=\"async\" class=\"size-full wp-image-1095\" src=\"http:\/\/midwestalevi.org\/wp-content\/uploads\/2014\/08\/Chicago-Concert.jpg\" alt=\"Concert: Ahmet \u0130hvani &amp; Ahmet Aslan, May 19th 2018\" width=\"1448\" height=\"2048\" srcset=\"https:\/\/midwestalevi.org\/wp-content\/uploads\/2014\/08\/Chicago-Concert.jpg 1448w, https:\/\/midwestalevi.org\/wp-content\/uploads\/2014\/08\/Chicago-Concert-212x300.jpg 212w, https:\/\/midwestalevi.org\/wp-content\/uploads\/2014\/08\/Chicago-Concert-724x1024.jpg 724w, https:\/\/midwestalevi.org\/wp-content\/uploads\/2014\/08\/Chicago-Concert-600x849.jpg 600w, https:\/\/midwestalevi.org\/wp-content\/uploads\/2014\/08\/Chicago-Concert-800x1131.jpg 800w\" sizes=\"auto, (max-width: 1448px) 100vw, 1448px\" \/><\/a><figcaption id=\"caption-attachment-1095\" class=\"wp-caption-text\">Concert: Ahmet \u0130hvani &amp; Ahmet Aslan,<br \/>May 19th 2018<\/figcaption><\/figure>\n<p><span class=\"_4n-j _fbReactionComponent__eventDetailsContentTags fsl\" data-testid=\"event-permalink-details\"><span title=\"Edited\"><img loading=\"lazy\" decoding=\"async\" class=\"wp-image-1191 alignnone\" src=\"http:\/\/midwestalevi.org\/wp-content\/uploads\/2018\/04\/iii250_l-150x150.jpg\" alt=\"iii250_l\" width=\"25\" height=\"25\" srcset=\"https:\/\/midwestalevi.org\/wp-content\/uploads\/2018\/04\/iii250_l-150x150.jpg 150w, https:\/\/midwestalevi.org\/wp-content\/uploads\/2018\/04\/iii250_l-300x300.jpg 300w, https:\/\/midwestalevi.org\/wp-content\/uploads\/2018\/04\/iii250_l-600x600.jpg 600w, https:\/\/midwestalevi.org\/wp-content\/uploads\/2018\/04\/iii250_l-800x800.jpg 800w, https:\/\/midwestalevi.org\/wp-content\/uploads\/2018\/04\/iii250_l.jpg 1000w\" sizes=\"auto, (max-width: 25px) 100vw, 25px\" \/><\/span><span title=\"Edited\"><br \/>\nJoin us for a one of a kind event in Chicago: Anatolian songs reinterpreted by world acclaimed artists.<\/span><br \/>\nFor families with children up to 15 years old, please <a href=\"mailto:info@midwestalevi.org\" target=\"_blank\">contact us<\/a> for a discount code. MACC members should have received an email with a discount code.<br \/>\nOur organization would like to thank our sponsors <a title=\"KE Salon\" href=\"http:\/\/www.kesalonchicago.com\" target=\"_blank\">KE Salon<\/a>, <a title=\"Pera Turkish Kitchen\" href=\"http:\/\/perachicago.com\/\" target=\"_blank\">Pera Turkish Kitchen<\/a>, <a title=\"Zizi's Cafe\" href=\"http:\/\/www.zizischicago.com\/\" target=\"_blank\">Zizi&#8217;s Cafe<\/a>, Golf Mill Shell and <a title=\"Anatolia Turkish Kitchen\" href=\"https:\/\/www.facebook.com\/Anatolia-Kitchen-Bakery-1961458870776469\/\" target=\"_blank\">Anatolia Turkish Kitchen<\/a> for their support to this event.<\/span><\/p>\n<p><span title=\"Edited\"><img loading=\"lazy\" decoding=\"async\" class=\"alignnone wp-image-1190\" src=\"http:\/\/midwestalevi.org\/wp-content\/uploads\/2018\/04\/tr-150x150.png\" alt=\"tr\" width=\"25\" height=\"25\" srcset=\"https:\/\/midwestalevi.org\/wp-content\/uploads\/2018\/04\/tr-150x150.png 150w, https:\/\/midwestalevi.org\/wp-content\/uploads\/2018\/04\/tr.png 256w\" sizes=\"auto, (max-width: 25px) 100vw, 25px\" \/><br \/>\nMACC Ahmet Ihvani &amp; Ahmet Aslan Chicago Konseri. Rezervasyon i\u00e7in yukaridaki linke t\u0131klay\u0131n\u0131z. Sizleri de aramizda g\u00f6rmek isteriz!<br \/>\n\u00c7ocuklar i\u00e7in indirimli bilet almak istiyorsaniz <a href=\"mailto:info@midwestalevi.org\" target=\"_blank\">bize ula\u015f\u0131n<\/a>. \u00dcyelerimize \u00f6zel indirim kodu elektronik posta dan yollanmi\u015ftir.<br \/>\nSponsorlar\u0131m\u0131za destekleri i\u00e7in te\u015fekk\u00fcr ederiz: <a title=\"KE Salon\" href=\"http:\/\/www.kesalonchicago.com\" target=\"_blank\">KE Salon<\/a>, <a title=\"Pera Turkish Kitchen\" href=\"http:\/\/perachicago.com\/\" target=\"_blank\">Pera Turkish Kitchen<\/a>, <a title=\"Zizi's Cafe\" href=\"http:\/\/www.zizischicago.com\/\" target=\"_blank\">Zizi&#8217;s Cafe<\/a>, Golf Mill Shell ve\u00a0<a title=\"Anatolia Turkish Kitchen\" href=\"https:\/\/www.facebook.com\/Anatolia-Kitchen-Bakery-1961458870776469\/\" target=\"_blank\">Anatolia Turkish Kitchen<\/a>. <\/span><\/p>\n<p style=\"text-align: center;\"><strong>Where?<br \/>\n<\/strong><a title=\"Google Maps\" href=\"https:\/\/goo.gl\/maps\/V8kErRYSFZT2\" target=\"_blank\">Ethical Humanist Society of Chicago<\/a><\/p>\n<p style=\"text-align: center;\"><iframe loading=\"lazy\" style=\"border: 0;\" src=\"https:\/\/www.google.com\/maps\/embed?pb=!1m14!1m8!1m3!1d11856.575564664585!2d-87.7487405!3d42.0186455!3m2!1i1024!2i768!4f13.1!3m3!1m2!1s0x0%3A0xbff520145035c38a!2sEthical+Humanist+Society!5e0!3m2!1sen!2sus!4v1523044652276\" width=\"400\" height=\"300\" frameborder=\"0\" allowfullscreen=\"allowfullscreen\"><\/iframe><\/p>\n<div><strong>Follow us on social media:<\/strong><a href=\"https:\/\/www.facebook.com\/MidwestAleviCulturalCenter\" target=\"_blank\"><br \/>\n<img loading=\"lazy\" decoding=\"async\" title=\"Facebook\" src=\"https:\/\/socialmediawidgets.files.wordpress.com\/2014\/03\/02_facebook.png\" alt=\"Facebook\" width=\"50\" height=\"50\" \/><\/a><a href=\"https:\/\/www.instagram.com\/macc.midwest.alevi\" target=\"_blank\"><img loading=\"lazy\" decoding=\"async\" title=\"Instagram\" src=\"https:\/\/socialmediawidgets.files.wordpress.com\/2014\/03\/10_instagram.png\" alt=\"Instagram\" width=\"50\" height=\"50\" \/><\/a><a href=\"https:\/\/www.youtube.com\/channel\/UC1LJQ0VifqafT50FHnVbGDg\" target=\"_blank\"><img loading=\"lazy\" decoding=\"async\" title=\"YouTube\" src=\"https:\/\/socialmediawidgets.files.wordpress.com\/2014\/03\/youtube1.png\" alt=\"YouTube\" width=\"50\" height=\"50\" \/><\/a><a href=\"https:\/\/www.instagram.com\/macc.midwest.alevi\"><br \/>\n<\/a><a href=\"https:\/\/www.youtube.com\/channel\/UC1LJQ0VifqafT50FHnVbGDg\"><br \/>\n<\/a><\/div>","protected":false},"excerpt":{"rendered":"<p>MACC is honored to welcome Ahmet \u0130hvani and Ahmet Aslan for a Chicago concert! &nbsp; Join us for a one of a kind event in Chicago: Anatolian songs reinterpreted by world acclaimed artists. For families with children up to 15 years old, please contact us for a discount code. MACC members should have received an&#8230;<\/p>","protected":false},"author":5,"featured_media":0,"parent":0,"menu_order":0,"comment_status":"closed","ping_status":"closed","template":"","meta":{"footnotes":""},"class_list":["post-1165","page","type-page","status-publish","hentry"],"_links":{"self":[{"href":"https:\/\/midwestalevi.org\/tr\/wp-json\/wp\/v2\/pages\/1165","targetHints":{"allow":["GET"]}}],"collection":[{"href":"https:\/\/midwestalevi.org\/tr\/wp-json\/wp\/v2\/pages"}],"about":[{"href":"https:\/\/midwestalevi.org\/tr\/wp-json\/wp\/v2\/types\/page"}],"author":[{"embeddable":true,"href":"https:\/\/midwestalevi.org\/tr\/wp-json\/wp\/v2\/users\/5"}],"replies":[{"embeddable":true,"href":"https:\/\/midwestalevi.org\/tr\/wp-json\/wp\/v2\/comments?post=1165"}],"version-history":[{"count":14,"href":"https:\/\/midwestalevi.org\/tr\/wp-json\/wp\/v2\/pages\/1165\/revisions"}],"predecessor-version":[{"id":1247,"href":"https:\/\/midwestalevi.org\/tr\/wp-json\/wp\/v2\/pages\/1165\/revisions\/1247"}],"wp:attachment":[{"href":"https:\/\/midwestalevi.org\/tr\/wp-json\/wp\/v2\/media?parent=1165"}],"curies":[{"name":"wp","href":"https:\/\/api.w.org\/{rel}","templated":true}]}}