{"id":1187,"date":"2018-04-06T15:00:59","date_gmt":"2018-04-06T21:00:59","guid":{"rendered":"http:\/\/midwestalevi.org\/?page_id=1187"},"modified":"2019-12-28T15:04:58","modified_gmt":"2019-12-28T21:04:58","slug":"baglama-classes-2018","status":"publish","type":"page","link":"https:\/\/midwestalevi.org\/tr\/baglama-classes-2018\/","title":{"rendered":"Ba\u011flama Classes"},"content":{"rendered":"<p style=\"text-align: center;\"><strong>Ba\u011flama Classes 2020<\/strong><\/p>\n<p style=\"text-align: center;\"><a href=\"http:\/\/midwestalevi.org\/wp-content\/uploads\/2019\/12\/Slide3.png\"><img loading=\"lazy\" decoding=\"async\" class=\"aligncenter size-full wp-image-1689\" src=\"http:\/\/midwestalevi.org\/wp-content\/uploads\/2019\/12\/Slide3.png\" alt=\"Slide3\" width=\"720\" height=\"405\" srcset=\"https:\/\/midwestalevi.org\/wp-content\/uploads\/2019\/12\/Slide3.png 720w, https:\/\/midwestalevi.org\/wp-content\/uploads\/2019\/12\/Slide3-300x169.png 300w, https:\/\/midwestalevi.org\/wp-content\/uploads\/2019\/12\/Slide3-600x338.png 600w\" sizes=\"auto, (max-width: 720px) 100vw, 720px\" \/><\/a> <a href=\"http:\/\/midwestalevi.org\/wp-content\/uploads\/2019\/12\/Slide1.png\"><img loading=\"lazy\" decoding=\"async\" class=\"aligncenter size-full wp-image-1688\" src=\"http:\/\/midwestalevi.org\/wp-content\/uploads\/2019\/12\/Slide1.png\" alt=\"Slide1\" width=\"720\" height=\"405\" srcset=\"https:\/\/midwestalevi.org\/wp-content\/uploads\/2019\/12\/Slide1.png 720w, https:\/\/midwestalevi.org\/wp-content\/uploads\/2019\/12\/Slide1-300x169.png 300w, https:\/\/midwestalevi.org\/wp-content\/uploads\/2019\/12\/Slide1-600x338.png 600w\" sizes=\"auto, (max-width: 720px) 100vw, 720px\" \/><\/a><\/p>\n<p style=\"text-align: center;\"><strong>Ba\u011flama Classes 2018<\/strong><\/p>\n<div id=\"metaslider-id-1186\" style=\"max-width: 640px;\" class=\"ml-slider-3-107-0 metaslider metaslider-flex metaslider-1186 ml-slider has-dots-nav ms-theme-default\" role=\"region\" aria-label=\"Baglama Class 2018\" data-height=\"480\" data-width=\"640\">\n    <div id=\"metaslider_container_1186\">\n        <div id=\"metaslider_1186\">\n            <ul class='slides'>\n                <li style=\"display: block; width: 100%;\" class=\"slide-1184 ms-image\" aria-roledescription=\"slide\" data-date=\"2018-04-06 14:27:02\" data-filename=\"DSC03318-640x480.jpg\" data-slide-type=\"image\"><img loading=\"lazy\" decoding=\"async\" src=\"https:\/\/midwestalevi.org\/wp-content\/uploads\/2018\/04\/DSC03318-640x480.jpg\" height=\"480\" width=\"640\" alt=\"\" class=\"slider-1186 slide-1184 msDefaultImage\" \/><\/li>\n                <li style=\"display: none; width: 100%;\" class=\"slide-1183 ms-image\" aria-roledescription=\"slide\" data-date=\"2018-04-06 14:26:47\" data-filename=\"DSC03319-640x480.jpg\" data-slide-type=\"image\"><img loading=\"lazy\" decoding=\"async\" src=\"https:\/\/midwestalevi.org\/wp-content\/uploads\/2018\/04\/DSC03319-640x480.jpg\" height=\"480\" width=\"640\" alt=\"\" class=\"slider-1186 slide-1183 msDefaultImage\" \/><\/li>\n                <li style=\"display: none; width: 100%;\" class=\"slide-1182 ms-image\" aria-roledescription=\"slide\" data-date=\"2018-04-06 14:26:30\" data-filename=\"DSC03321-640x480.jpg\" data-slide-type=\"image\"><img loading=\"lazy\" decoding=\"async\" src=\"https:\/\/midwestalevi.org\/wp-content\/uploads\/2018\/04\/DSC03321-640x480.jpg\" height=\"480\" width=\"640\" alt=\"\" class=\"slider-1186 slide-1182 msDefaultImage\" \/><\/li>\n                <li style=\"display: none; width: 100%;\" class=\"slide-1181 ms-image\" aria-roledescription=\"slide\" data-date=\"2018-04-06 14:26:12\" data-filename=\"DSC03269-640x480.jpg\" data-slide-type=\"image\"><img loading=\"lazy\" decoding=\"async\" src=\"https:\/\/midwestalevi.org\/wp-content\/uploads\/2018\/04\/DSC03269-640x480.jpg\" height=\"480\" width=\"640\" alt=\"\" class=\"slider-1186 slide-1181 msDefaultImage\" \/><\/li>\n                <li style=\"display: none; width: 100%;\" class=\"slide-1180 ms-image\" aria-roledescription=\"slide\" data-date=\"2018-04-06 14:25:53\" data-filename=\"DSC02505-640x480.jpg\" data-slide-type=\"image\"><img loading=\"lazy\" decoding=\"async\" src=\"https:\/\/midwestalevi.org\/wp-content\/uploads\/2018\/04\/DSC02505-640x480.jpg\" height=\"480\" width=\"640\" alt=\"\" class=\"slider-1186 slide-1180 msDefaultImage\" \/><\/li>\n                <li style=\"display: none; width: 100%;\" class=\"slide-1178 ms-image\" aria-roledescription=\"slide\" data-date=\"2018-04-06 14:25:19\" data-filename=\"DSC02525-640x480.jpg\" data-slide-type=\"image\"><img loading=\"lazy\" decoding=\"async\" src=\"https:\/\/midwestalevi.org\/wp-content\/uploads\/2018\/04\/DSC02525-640x480.jpg\" height=\"480\" width=\"640\" alt=\"\" class=\"slider-1186 slide-1178 msDefaultImage\" \/><\/li>\n                <li style=\"display: none; width: 100%;\" class=\"slide-1177 ms-image\" aria-roledescription=\"slide\" data-date=\"2018-04-06 14:24:56\" data-filename=\"DSC02529-640x480.jpg\" data-slide-type=\"image\"><img loading=\"lazy\" decoding=\"async\" src=\"https:\/\/midwestalevi.org\/wp-content\/uploads\/2018\/04\/DSC02529-640x480.jpg\" height=\"480\" width=\"640\" alt=\"\" class=\"slider-1186 slide-1177 msDefaultImage\" \/><\/li>\n                <li style=\"display: none; width: 100%;\" class=\"slide-1176 ms-image\" aria-roledescription=\"slide\" data-date=\"2018-04-06 14:24:44\" data-filename=\"DSC02540-640x480.jpg\" data-slide-type=\"image\"><img loading=\"lazy\" decoding=\"async\" src=\"https:\/\/midwestalevi.org\/wp-content\/uploads\/2018\/04\/DSC02540-640x480.jpg\" height=\"480\" width=\"640\" alt=\"\" class=\"slider-1186 slide-1176 msDefaultImage\" \/><\/li>\n                <li style=\"display: none; width: 100%;\" class=\"slide-1175 ms-image\" aria-roledescription=\"slide\" data-date=\"2018-04-06 14:24:26\" data-filename=\"DSC02546-640x480.jpg\" data-slide-type=\"image\"><img loading=\"lazy\" decoding=\"async\" src=\"https:\/\/midwestalevi.org\/wp-content\/uploads\/2018\/04\/DSC02546-640x480.jpg\" height=\"480\" width=\"640\" alt=\"\" class=\"slider-1186 slide-1175 msDefaultImage\" \/><\/li>\n                <li style=\"display: none; width: 100%;\" class=\"slide-1179 ms-image\" aria-roledescription=\"slide\" data-date=\"2018-04-06 14:25:37\" data-filename=\"DSC02506-640x480.jpg\" data-slide-type=\"image\"><a href=\"http:\/\/midwestalevi.org\/tr\/baglama-classes-2018\/\" target=\"_self\" aria-label=\"View Slide Details\" class=\"metaslider_image_link\"><img loading=\"lazy\" decoding=\"async\" src=\"https:\/\/midwestalevi.org\/wp-content\/uploads\/2018\/04\/DSC02506-640x480.jpg\" height=\"480\" width=\"640\" alt=\"\" class=\"slider-1186 slide-1179 msDefaultImage\" \/><\/a><div class=\"caption-wrap\"><div class=\"caption\">Ba\u011flama Classes 2018<\/div><\/div><\/li>\n            <\/ul>\n        <\/div>\n        \n    <\/div>\n<\/div>\n<p><span title=\"Edited\"><img loading=\"lazy\" decoding=\"async\" class=\"wp-image-1191 alignnone\" src=\"http:\/\/midwestalevi.org\/wp-content\/uploads\/2018\/04\/iii250_l-150x150.jpg\" alt=\"iii250_l\" width=\"25\" height=\"25\" srcset=\"https:\/\/midwestalevi.org\/wp-content\/uploads\/2018\/04\/iii250_l-150x150.jpg 150w, https:\/\/midwestalevi.org\/wp-content\/uploads\/2018\/04\/iii250_l-300x300.jpg 300w, https:\/\/midwestalevi.org\/wp-content\/uploads\/2018\/04\/iii250_l-600x600.jpg 600w, https:\/\/midwestalevi.org\/wp-content\/uploads\/2018\/04\/iii250_l-800x800.jpg 800w, https:\/\/midwestalevi.org\/wp-content\/uploads\/2018\/04\/iii250_l.jpg 1000w\" sizes=\"auto, (max-width: 25px) 100vw, 25px\" \/><\/span><span title=\"Edited\"><br \/>\nBa\u011flama classes provided at our association are a great opportunity to meet our lovely members.<br \/>\nThis 2018 season, we have two groups (beginners and intermediate levels). All welcome!<br \/>\nJoin us to hear our progress in our annual concert in June!<\/span><\/p>\n<p><span title=\"Edited\"><img loading=\"lazy\" decoding=\"async\" class=\"alignnone wp-image-1190\" src=\"http:\/\/midwestalevi.org\/wp-content\/uploads\/2018\/04\/tr-150x150.png\" alt=\"tr\" width=\"25\" height=\"25\" srcset=\"https:\/\/midwestalevi.org\/wp-content\/uploads\/2018\/04\/tr-150x150.png 150w, https:\/\/midwestalevi.org\/wp-content\/uploads\/2018\/04\/tr.png 256w\" sizes=\"auto, (max-width: 25px) 100vw, 25px\" \/><br \/>\nDe\u011ferli \u00fcyelerimizle tan\u0131\u015fmak istiyorsan\u0131z ba\u011flama kursumuzda bekliyoruz!<br \/>\nBu sene iki seviye grubumuz var (yeni ba\u015flayan ve orta seviye). Geli\u015fmemizi g\u00f6rmek i\u00e7in haziran da konserimizde bekliyoruz!<\/span><\/p>\n<p><strong>Beginners Group:<\/strong><br \/>\n<iframe loading=\"lazy\" src=\"https:\/\/www.youtube.com\/embed\/jTelVT2X9aE\" width=\"560\" height=\"315\" frameborder=\"0\" allowfullscreen=\"allowfullscreen\"><\/iframe><\/p>\n<p><strong>Intermediate Level Group:<\/strong><br \/>\n<iframe loading=\"lazy\" src=\"https:\/\/www.youtube.com\/embed\/cFi4WkXef3M\" width=\"560\" height=\"315\" frameborder=\"0\" allowfullscreen=\"allowfullscreen\"><\/iframe><\/p>\n<div><strong>Follow us on social media:<\/strong><a href=\"https:\/\/www.facebook.com\/MidwestAleviCulturalCenter\" target=\"_blank\"><br \/>\n<img loading=\"lazy\" decoding=\"async\" title=\"Facebook\" src=\"https:\/\/socialmediawidgets.files.wordpress.com\/2014\/03\/02_facebook.png\" alt=\"Facebook\" width=\"50\" height=\"50\" \/><\/a><a href=\"https:\/\/www.instagram.com\/macc.midwest.alevi\" target=\"_blank\"><img loading=\"lazy\" decoding=\"async\" title=\"Instagram\" src=\"https:\/\/socialmediawidgets.files.wordpress.com\/2014\/03\/10_instagram.png\" alt=\"Instagram\" width=\"50\" height=\"50\" \/><\/a><a href=\"https:\/\/www.youtube.com\/channel\/UC1LJQ0VifqafT50FHnVbGDg\" target=\"_blank\"><img loading=\"lazy\" decoding=\"async\" title=\"YouTube\" src=\"https:\/\/socialmediawidgets.files.wordpress.com\/2014\/03\/youtube1.png\" alt=\"YouTube\" width=\"50\" height=\"50\" \/><\/a><a href=\"https:\/\/www.instagram.com\/macc.midwest.alevi\"><br \/>\n<\/a><a href=\"https:\/\/www.youtube.com\/channel\/UC1LJQ0VifqafT50FHnVbGDg\"><br \/>\n<\/a><\/div>","protected":false},"excerpt":{"rendered":"<p>Ba\u011flama Classes 2020 Ba\u011flama Classes 2018 Ba\u011flama classes provided at our association are a great opportunity to meet our lovely members. This 2018 season, we have two groups (beginners and intermediate levels). All welcome! Join us to hear our progress in our annual concert in June! De\u011ferli \u00fcyelerimizle tan\u0131\u015fmak istiyorsan\u0131z ba\u011flama kursumuzda bekliyoruz! Bu sene&#8230;<\/p>","protected":false},"author":5,"featured_media":0,"parent":0,"menu_order":0,"comment_status":"closed","ping_status":"closed","template":"","meta":{"footnotes":""},"class_list":["post-1187","page","type-page","status-publish","hentry"],"_links":{"self":[{"href":"https:\/\/midwestalevi.org\/tr\/wp-json\/wp\/v2\/pages\/1187","targetHints":{"allow":["GET"]}}],"collection":[{"href":"https:\/\/midwestalevi.org\/tr\/wp-json\/wp\/v2\/pages"}],"about":[{"href":"https:\/\/midwestalevi.org\/tr\/wp-json\/wp\/v2\/types\/page"}],"author":[{"embeddable":true,"href":"https:\/\/midwestalevi.org\/tr\/wp-json\/wp\/v2\/users\/5"}],"replies":[{"embeddable":true,"href":"https:\/\/midwestalevi.org\/tr\/wp-json\/wp\/v2\/comments?post=1187"}],"version-history":[{"count":13,"href":"https:\/\/midwestalevi.org\/tr\/wp-json\/wp\/v2\/pages\/1187\/revisions"}],"predecessor-version":[{"id":1344,"href":"https:\/\/midwestalevi.org\/tr\/wp-json\/wp\/v2\/pages\/1187\/revisions\/1344"}],"wp:attachment":[{"href":"https:\/\/midwestalevi.org\/tr\/wp-json\/wp\/v2\/media?parent=1187"}],"curies":[{"name":"wp","href":"https:\/\/api.w.org\/{rel}","templated":true}]}}