{"id":1245,"date":"2019-02-05T22:56:03","date_gmt":"2019-02-06T04:56:03","guid":{"rendered":"http:\/\/midwestalevi.org\/?page_id=1245"},"modified":"2019-12-28T14:59:13","modified_gmt":"2019-12-28T20:59:13","slug":"2019-etkinlikler-events","status":"publish","type":"page","link":"https:\/\/midwestalevi.org\/tr\/2019-etkinlikler-events\/","title":{"rendered":"2019 Etkinlikler \/ Events"},"content":{"rendered":"<p>2019 Etkinlikler \/ Events<\/p>\n<ul>\n<li>October 2019: Tolga Sag Concert<br \/>\nChicago date: October 25th, 8pm at the Ethical Humanist Society of Chicago.<\/li>\n<\/ul>\n<p><strong>Konserler<\/strong><\/p>\n<p>2019 y\u0131l\u0131 Ekim ayinda de\u011ferli sanat\u00e7\u0131m\u0131z <strong>Tolga Sa\u011f<\/strong>\u2019i <strong>Chicago Konseri <\/strong>\u00e7er\u00e7evesinde sevenleri ile bulu\u015fturduk.<\/p>\n<p><strong>Concerts<\/strong><\/p>\n<p>In 2019 we had the privilege to host two great concerts with great artists from Turkey, Europe and Canada.<\/p>\n<p>In October, we were honored to receive <strong>Tolga Sa\u011f <\/strong>in <strong>Chicago<\/strong> for another great concert.<\/p>\n<p><a href=\"http:\/\/midwestalevi.org\/wp-content\/uploads\/2019\/12\/LRM_EXPORT_128007404555227_20191030_143627274.jpeg\"><img loading=\"lazy\" decoding=\"async\" class=\"aligncenter size-medium wp-image-1685\" src=\"http:\/\/midwestalevi.org\/wp-content\/uploads\/2019\/12\/LRM_EXPORT_128007404555227_20191030_143627274-300x200.jpeg\" alt=\"LRM_EXPORT_128007404555227_20191030_143627274\" width=\"300\" height=\"200\" srcset=\"https:\/\/midwestalevi.org\/wp-content\/uploads\/2019\/12\/LRM_EXPORT_128007404555227_20191030_143627274-300x200.jpeg 300w, https:\/\/midwestalevi.org\/wp-content\/uploads\/2019\/12\/LRM_EXPORT_128007404555227_20191030_143627274-1024x683.jpeg 1024w, https:\/\/midwestalevi.org\/wp-content\/uploads\/2019\/12\/LRM_EXPORT_128007404555227_20191030_143627274-600x400.jpeg 600w, https:\/\/midwestalevi.org\/wp-content\/uploads\/2019\/12\/LRM_EXPORT_128007404555227_20191030_143627274-800x533.jpeg 800w\" sizes=\"auto, (max-width: 300px) 100vw, 300px\" \/><\/a><\/p>\n<p><a href=\"http:\/\/midwestalevi.org\/wp-content\/uploads\/2019\/09\/Tolga-Chicago-2019.png\"><img loading=\"lazy\" decoding=\"async\" class=\"size-medium wp-image-1584 alignleft\" src=\"http:\/\/midwestalevi.org\/wp-content\/uploads\/2019\/09\/Tolga-Chicago-2019-230x300.png\" alt=\"Tolga Chicago 2019\" width=\"230\" height=\"300\" srcset=\"https:\/\/midwestalevi.org\/wp-content\/uploads\/2019\/09\/Tolga-Chicago-2019-230x300.png 230w, https:\/\/midwestalevi.org\/wp-content\/uploads\/2019\/09\/Tolga-Chicago-2019-786x1024.png 786w, https:\/\/midwestalevi.org\/wp-content\/uploads\/2019\/09\/Tolga-Chicago-2019-600x782.png 600w, https:\/\/midwestalevi.org\/wp-content\/uploads\/2019\/09\/Tolga-Chicago-2019-800x1043.png 800w\" sizes=\"auto, (max-width: 230px) 100vw, 230px\" \/><\/a><a href=\"http:\/\/midwestalevi.org\/wp-content\/uploads\/2014\/07\/Tolga-USA-2019-v4.png\"><img loading=\"lazy\" decoding=\"async\" class=\"alignleft size-medium wp-image-1603\" src=\"http:\/\/midwestalevi.org\/wp-content\/uploads\/2014\/07\/Tolga-USA-2019-v4-229x300.png\" alt=\"Tolga USA 2019 v4\" width=\"229\" height=\"300\" srcset=\"https:\/\/midwestalevi.org\/wp-content\/uploads\/2014\/07\/Tolga-USA-2019-v4-229x300.png 229w, https:\/\/midwestalevi.org\/wp-content\/uploads\/2014\/07\/Tolga-USA-2019-v4-782x1024.png 782w, https:\/\/midwestalevi.org\/wp-content\/uploads\/2014\/07\/Tolga-USA-2019-v4-600x785.png 600w, https:\/\/midwestalevi.org\/wp-content\/uploads\/2014\/07\/Tolga-USA-2019-v4-800x1047.png 800w\" sizes=\"auto, (max-width: 229px) 100vw, 229px\" \/><\/a><\/p>\n<p>&nbsp;<\/p>\n<p>&nbsp;<\/p>\n<p>&nbsp;<\/p>\n<p>&nbsp;<\/p>\n<p>&nbsp;<\/p>\n<p>&nbsp;<\/p>\n<p>&nbsp;<\/p>\n<p>&nbsp;<\/p>\n<hr \/>\n<p>&nbsp;<\/p>\n<ul>\n<li style=\"text-align: left;\">September 15th, 2019: MACC 7th Ashure Day<\/li>\n<\/ul>\n<p><strong>A\u015fure G\u00fcn\u00fc<\/strong><\/p>\n<p>Eyl\u00fcl ay\u0131nda d\u00fczenledi\u011fimiz \u201c<strong>A\u015f\u00fcre G\u00fcn\u00fc<\/strong>\u201d ile bir araya geldik. Ezgi Benli Hocam\u0131zdan mersiyelerimizi dinleyip, haz\u0131rlanan lokmalar\u0131 payla\u015ft\u0131k, haks\u0131zl\u0131\u011fa kar\u015f\u0131 verilen m\u00fccadelenin simgeleri haline gelen Kerbela \u015eehitleri\u2019ni hep birlikte and\u0131k.<\/p>\n<p><strong>Ashure Day<\/strong><\/p>\n<p>As we did previous years in September, we came together for the \u201cAshure Day\u201d, listened to the traditional songs performed by our talented ba\u011flama teacher Ezgi Benli, and shared the <em>lokmas<\/em>.<\/p>\n<p><a href=\"http:\/\/midwestalevi.org\/wp-content\/uploads\/2019\/12\/70574537_2385410808337727_1003800313104171008_o.jpg\"><img loading=\"lazy\" decoding=\"async\" class=\"aligncenter size-medium wp-image-1683\" src=\"http:\/\/midwestalevi.org\/wp-content\/uploads\/2019\/12\/70574537_2385410808337727_1003800313104171008_o-300x200.jpg\" alt=\"70574537_2385410808337727_1003800313104171008_o\" width=\"300\" height=\"200\" srcset=\"https:\/\/midwestalevi.org\/wp-content\/uploads\/2019\/12\/70574537_2385410808337727_1003800313104171008_o-300x200.jpg 300w, https:\/\/midwestalevi.org\/wp-content\/uploads\/2019\/12\/70574537_2385410808337727_1003800313104171008_o-1024x683.jpg 1024w, https:\/\/midwestalevi.org\/wp-content\/uploads\/2019\/12\/70574537_2385410808337727_1003800313104171008_o-600x400.jpg 600w, https:\/\/midwestalevi.org\/wp-content\/uploads\/2019\/12\/70574537_2385410808337727_1003800313104171008_o-800x533.jpg 800w, https:\/\/midwestalevi.org\/wp-content\/uploads\/2019\/12\/70574537_2385410808337727_1003800313104171008_o.jpg 2048w\" sizes=\"auto, (max-width: 300px) 100vw, 300px\" \/><\/a><\/p>\n<p><a href=\"http:\/\/midwestalevi.org\/wp-content\/uploads\/2014\/08\/Asure2019.jpg\"><img loading=\"lazy\" decoding=\"async\" class=\"wp-image-1586 size-medium alignleft\" src=\"http:\/\/midwestalevi.org\/wp-content\/uploads\/2014\/08\/Asure2019-300x225.jpg\" alt=\"Asure2019\" width=\"300\" height=\"225\" srcset=\"https:\/\/midwestalevi.org\/wp-content\/uploads\/2014\/08\/Asure2019-300x225.jpg 300w, https:\/\/midwestalevi.org\/wp-content\/uploads\/2014\/08\/Asure2019-600x450.jpg 600w, https:\/\/midwestalevi.org\/wp-content\/uploads\/2014\/08\/Asure2019.jpg 720w\" sizes=\"auto, (max-width: 300px) 100vw, 300px\" \/><\/a><em>\u201cY\u00fczseler derimi etseler berdar<\/em><br \/>\n<em> D\u00f6nmezem ben senden \u0130mam H\u00fcseyin<\/em><br \/>\n<em> B\u00fct\u00fcn \u015fehitlere sen oldun serdar<\/em><br \/>\n<em> D\u00f6nmezem ben senden \u0130mam H\u00fcseyin<\/em><\/p>\n<p><em>Seyit Meftuni der mihri cenan\u0131m<\/em><br \/>\n<em> Sen nur-u Huda`s\u0131n vard\u0131r iman\u0131m<\/em><br \/>\n<em> A\u015fk\u0131nla yanar\u0131m \u00e7\u0131kmaz duman\u0131m<\/em><br \/>\n<em> D\u00f6nmezem ben senden \u0130mam H\u00fcseyin\u201d<\/em><\/p>\n<p>We invite our esteemed friends to join us during the 7th MACC Ashure Day to commemorate those who lost their lives during the Battle of Kerbela.<br \/>\nLocation: Ethical Humanist Society of Chicago<br \/>\nAddress: 7574 Lincoln Ave, Skokie, IL, 60077<br \/>\nTime: September 15, Sunday, 2019. Time: 3:00 PM<\/p>\n<hr \/>\n<p>&nbsp;<\/p>\n<ul>\n<li>August 25th, 2019: MACC 5th Annual Picnic<\/li>\n<\/ul>\n<p><strong>Dayan\u0131\u015fma Pikni\u011fi<\/strong><\/p>\n<p>Eyl\u00fcl ay\u0131nda d\u00fczenledi\u011fimiz &#8220;<strong>Dayan\u0131\u015fma Pikni\u011fi<\/strong>&#8221; ile lokmalar\u0131m\u0131z\u0131 b\u00f6l\u00fc\u015f\u00fcp, \u00e7ocuk ve gen\u00e7lerimizle gzel bir gun gecirdik.<\/p>\n<p><strong>Annual Picnic<\/strong><\/p>\n<p>Again this year we had a great time with all our friends during our annual picnic organized in September.<\/p>\n<p><a href=\"http:\/\/midwestalevi.org\/wp-content\/uploads\/2019\/12\/69008731_2371327226412752_5776359446909288448_o.jpg\"><img loading=\"lazy\" decoding=\"async\" class=\"size-medium wp-image-1681 aligncenter\" src=\"http:\/\/midwestalevi.org\/wp-content\/uploads\/2019\/12\/69008731_2371327226412752_5776359446909288448_o-300x200.jpg\" alt=\"69008731_2371327226412752_5776359446909288448_o\" width=\"300\" height=\"200\" srcset=\"https:\/\/midwestalevi.org\/wp-content\/uploads\/2019\/12\/69008731_2371327226412752_5776359446909288448_o-300x200.jpg 300w, https:\/\/midwestalevi.org\/wp-content\/uploads\/2019\/12\/69008731_2371327226412752_5776359446909288448_o-1024x683.jpg 1024w, https:\/\/midwestalevi.org\/wp-content\/uploads\/2019\/12\/69008731_2371327226412752_5776359446909288448_o-600x400.jpg 600w, https:\/\/midwestalevi.org\/wp-content\/uploads\/2019\/12\/69008731_2371327226412752_5776359446909288448_o-800x533.jpg 800w, https:\/\/midwestalevi.org\/wp-content\/uploads\/2019\/12\/69008731_2371327226412752_5776359446909288448_o.jpg 2048w\" sizes=\"auto, (max-width: 300px) 100vw, 300px\" \/><\/a><\/p>\n<p><a href=\"http:\/\/midwestalevi.org\/wp-content\/uploads\/2014\/08\/MACCAnnualPicnic-2019.jpg\"><img loading=\"lazy\" decoding=\"async\" class=\"alignleft size-medium wp-image-1569\" src=\"http:\/\/midwestalevi.org\/wp-content\/uploads\/2014\/08\/MACCAnnualPicnic-2019-300x225.jpg\" alt=\"MACCAnnualPicnic-2019\" width=\"300\" height=\"225\" srcset=\"https:\/\/midwestalevi.org\/wp-content\/uploads\/2014\/08\/MACCAnnualPicnic-2019-300x225.jpg 300w, https:\/\/midwestalevi.org\/wp-content\/uploads\/2014\/08\/MACCAnnualPicnic-2019-600x450.jpg 600w, https:\/\/midwestalevi.org\/wp-content\/uploads\/2014\/08\/MACCAnnualPicnic-2019.jpg 720w\" sizes=\"auto, (max-width: 300px) 100vw, 300px\" \/><\/a><a href=\"http:\/\/midwestalevi.org\/wp-content\/uploads\/2014\/07\/MACCGelenekselPiknik-2019.jpg\"><img loading=\"lazy\" decoding=\"async\" class=\"alignleft size-medium wp-image-1567\" src=\"http:\/\/midwestalevi.org\/wp-content\/uploads\/2014\/07\/MACCGelenekselPiknik-2019-300x225.jpg\" alt=\"MACCGelenekselPiknik-2019\" width=\"300\" height=\"225\" srcset=\"https:\/\/midwestalevi.org\/wp-content\/uploads\/2014\/07\/MACCGelenekselPiknik-2019-300x225.jpg 300w, https:\/\/midwestalevi.org\/wp-content\/uploads\/2014\/07\/MACCGelenekselPiknik-2019-600x450.jpg 600w, https:\/\/midwestalevi.org\/wp-content\/uploads\/2014\/07\/MACCGelenekselPiknik-2019.jpg 720w\" sizes=\"auto, (max-width: 300px) 100vw, 300px\" \/><\/a><\/p>\n<p>&nbsp;<\/p>\n<p>&nbsp;<\/p>\n<p>&nbsp;<\/p>\n<p>&nbsp;<\/p>\n<p>De\u011ferli Canlar,<\/p>\n<p>Her sene organize edilen pikni\u011fimize bu sene de bekliyoruz.<\/p>\n<p>Tarih: 25 a\u011fustos 2019<br \/>\nYer: Marvin Dunteman Park, 61 Witt road South Barrington, IL, 60010<\/p>\n<p>&nbsp;<\/p>\n<hr \/>\n<ul>\n<li>\u00a0March 30th, 2019: Ahmet Ihvani and Ahmet Aslan concert<\/li>\n<\/ul>\n<h4 style=\"text-align: left;\"><a href=\"http:\/\/midwestalevi.org\/wp-content\/uploads\/2019\/03\/Aslan-Ihvani-Chicago-2019.png\"><img loading=\"lazy\" decoding=\"async\" class=\"wp-image-1561 size-medium alignleft\" src=\"http:\/\/midwestalevi.org\/wp-content\/uploads\/2019\/03\/Aslan-Ihvani-Chicago-2019-230x300.png\" alt=\"Aslan Ihvani Chicago 2019\" width=\"230\" height=\"300\" srcset=\"https:\/\/midwestalevi.org\/wp-content\/uploads\/2019\/03\/Aslan-Ihvani-Chicago-2019-230x300.png 230w, https:\/\/midwestalevi.org\/wp-content\/uploads\/2019\/03\/Aslan-Ihvani-Chicago-2019-784x1024.png 784w, https:\/\/midwestalevi.org\/wp-content\/uploads\/2019\/03\/Aslan-Ihvani-Chicago-2019-600x784.png 600w, https:\/\/midwestalevi.org\/wp-content\/uploads\/2019\/03\/Aslan-Ihvani-Chicago-2019-800x1045.png 800w\" sizes=\"auto, (max-width: 230px) 100vw, 230px\" \/><\/a><\/h4>\n<p><strong>Konserler<\/strong><\/p>\n<p>2019 y\u0131l\u0131 Mart ay\u0131nda de\u011ferli sanat\u00e7\u0131lar\u0131m\u0131z <strong>Ahmet Aslan<\/strong> ve <strong>Ahmet Ihvani\u2019yi<\/strong> sizlerle bulu\u015fturduk.<\/p>\n<p><strong>Concerts<\/strong><\/p>\n<p style=\"text-align: left;\">In 2019 we had the privilege to host two great concerts with great artists from Turkey, Europe and Canada.<\/p>\n<p style=\"text-align: left;\">In March, our friends were delighted to listen artists <strong>Ahmet Aslan<\/strong> and <strong>Ahmet Ihvani<\/strong> for their second concert in Chicago.<\/p>\n<p>\u00a0<a href=\"http:\/\/midwestalevi.org\/wp-content\/uploads\/2019\/12\/macc.midwest.alevi-20191222-0001.jpg\"><img loading=\"lazy\" decoding=\"async\" class=\"wp-image-1677 size-medium aligncenter\" src=\"http:\/\/midwestalevi.org\/wp-content\/uploads\/2019\/12\/macc.midwest.alevi-20191222-0001-300x300.jpg\" alt=\"macc.midwest.alevi-20191222-0001\" width=\"300\" height=\"300\" srcset=\"https:\/\/midwestalevi.org\/wp-content\/uploads\/2019\/12\/macc.midwest.alevi-20191222-0001-300x300.jpg 300w, https:\/\/midwestalevi.org\/wp-content\/uploads\/2019\/12\/macc.midwest.alevi-20191222-0001-150x150.jpg 150w, https:\/\/midwestalevi.org\/wp-content\/uploads\/2019\/12\/macc.midwest.alevi-20191222-0001-600x600.jpg 600w, https:\/\/midwestalevi.org\/wp-content\/uploads\/2019\/12\/macc.midwest.alevi-20191222-0001.jpg 767w\" sizes=\"auto, (max-width: 300px) 100vw, 300px\" \/><\/a><\/p>\n<hr \/>\n<p>&nbsp;<\/p>\n<ul>\n<li>February 17th, 2019: H\u0131z\u0131r Lokmas\u0131<\/li>\n<\/ul>\n<p style=\"text-align: left;\"><a href=\"http:\/\/midwestalevi.org\/wp-content\/uploads\/2019\/02\/Hizir-Flyer3.jpg\"><img loading=\"lazy\" decoding=\"async\" class=\"alignleft size-medium wp-image-1543\" src=\"http:\/\/midwestalevi.org\/wp-content\/uploads\/2019\/02\/Hizir-Flyer3-227x300.jpg\" alt=\"Hizir Flyer3\" width=\"227\" height=\"300\" srcset=\"https:\/\/midwestalevi.org\/wp-content\/uploads\/2019\/02\/Hizir-Flyer3-227x300.jpg 227w, https:\/\/midwestalevi.org\/wp-content\/uploads\/2019\/02\/Hizir-Flyer3-776x1024.jpg 776w, https:\/\/midwestalevi.org\/wp-content\/uploads\/2019\/02\/Hizir-Flyer3-600x792.jpg 600w, https:\/\/midwestalevi.org\/wp-content\/uploads\/2019\/02\/Hizir-Flyer3-800x1056.jpg 800w\" sizes=\"auto, (max-width: 227px) 100vw, 227px\" \/><\/a><strong>H\u0131z\u0131r Lokmas\u0131<\/strong><\/p>\n<p style=\"text-align: left;\">H\u0131z\u0131r\u2019in inanc\u0131m\u0131zdaki yerini <strong>H\u0131z\u0131r Lokmas\u0131<\/strong> etkinli\u011fimizde deyi\u015flerimiz ve lokmalar\u0131m\u0131z e\u015fli\u011finde de\u011ferli canlar\u0131m\u0131zla payla\u015ft\u0131k.<\/p>\n<p style=\"text-align: left;\"><strong>H\u0131z\u0131r Lokmas\u0131<\/strong><\/p>\n<p style=\"text-align: left;\">In 2019 we organized our very first <strong>H\u0131z\u0131r Lokmas\u0131<\/strong> event, to share our traditional songs and the <em>lokmas<\/em> (name given to any food shared with others, especially for a special occasion) with our esteemed friends.<\/p>\n<p style=\"text-align: right;\">\u00a0<a href=\"http:\/\/midwestalevi.org\/wp-content\/uploads\/2019\/12\/DSC_7967.jpg\"><img loading=\"lazy\" decoding=\"async\" class=\"alignleft size-medium wp-image-1673\" src=\"http:\/\/midwestalevi.org\/wp-content\/uploads\/2019\/12\/DSC_7967-300x200.jpg\" alt=\"DSC_7967\" width=\"300\" height=\"200\" srcset=\"https:\/\/midwestalevi.org\/wp-content\/uploads\/2019\/12\/DSC_7967-300x200.jpg 300w, https:\/\/midwestalevi.org\/wp-content\/uploads\/2019\/12\/DSC_7967-1024x684.jpg 1024w, https:\/\/midwestalevi.org\/wp-content\/uploads\/2019\/12\/DSC_7967-600x401.jpg 600w, https:\/\/midwestalevi.org\/wp-content\/uploads\/2019\/12\/DSC_7967-800x534.jpg 800w\" sizes=\"auto, (max-width: 300px) 100vw, 300px\" \/><\/a><\/p>\n<p style=\"text-align: center;\">Degerli canlar,<\/p>\n<p style=\"text-align: left;\">H\u0131z\u0131r Orucu (12-14 \u015eubat) sonras\u0131nda derne\u011fimiz taraf\u0131ndan organize edilecek olan H\u0131z\u0131r Lokmasi etkinli\u011finde bir Can\u0131m\u0131z lokmalar\u0131n\u0131 muhabbet e\u015fli\u011finde sizlerle payla\u015facakt\u0131r. \u0130steyen Canlar ayr\u0131ca lokma getirebilirler.<\/p>\n<p style=\"text-align: left;\">H\u0131z\u0131r\u2019in inanc\u0131m\u0131zdaki yerinin payla\u015f\u0131laca\u011f\u0131, H\u0131z\u0131r\u2019in konu oldu\u011fu deyi\u015flerimizin soylenece\u011fi H\u0131z\u0131r Lokmasi etkinli\u011finde bulu\u015fmak dile\u011fiyle.<\/p>\n<p style=\"text-align: center;\"><em>Dua edin bize misafir gelsin<br \/>\nLokmam\u0131z yesin y\u00fcz\u00fcm\u00fcz g\u00fcls\u00fcn<br \/>\nB\u00fcy\u00fck k\u00fc\u00e7\u00fck onu hep H\u0131z\u0131r bilsin<br \/>\nMihman canlar bize sefa geldiniz<\/em><\/p>\n<p style=\"text-align: center;\">Kul Himmet \u00fcstad\u0131m tuttu\u011fun gele<br \/>\nMihman nasibini getirir bile<br \/>\nMisafir Ali\u2019dir \u00f6z nefsin dile<br \/>\nMihman canlar bize sefa geldiniz<\/p>","protected":false},"excerpt":{"rendered":"<p>2019 Etkinlikler \/ Events October 2019: Tolga Sag Concert Chicago date: October 25th, 8pm at the Ethical Humanist Society of Chicago. Konserler 2019 y\u0131l\u0131 Ekim ayinda de\u011ferli sanat\u00e7\u0131m\u0131z Tolga Sa\u011f\u2019i Chicago Konseri \u00e7er\u00e7evesinde sevenleri ile bulu\u015fturduk. Concerts In 2019 we had the privilege to host two great concerts with great artists from Turkey, Europe and&#8230;<\/p>","protected":false},"author":1,"featured_media":0,"parent":0,"menu_order":0,"comment_status":"closed","ping_status":"closed","template":"","meta":{"footnotes":""},"class_list":["post-1245","page","type-page","status-publish","hentry"],"_links":{"self":[{"href":"https:\/\/midwestalevi.org\/tr\/wp-json\/wp\/v2\/pages\/1245","targetHints":{"allow":["GET"]}}],"collection":[{"href":"https:\/\/midwestalevi.org\/tr\/wp-json\/wp\/v2\/pages"}],"about":[{"href":"https:\/\/midwestalevi.org\/tr\/wp-json\/wp\/v2\/types\/page"}],"author":[{"embeddable":true,"href":"https:\/\/midwestalevi.org\/tr\/wp-json\/wp\/v2\/users\/1"}],"replies":[{"embeddable":true,"href":"https:\/\/midwestalevi.org\/tr\/wp-json\/wp\/v2\/comments?post=1245"}],"version-history":[{"count":17,"href":"https:\/\/midwestalevi.org\/tr\/wp-json\/wp\/v2\/pages\/1245\/revisions"}],"predecessor-version":[{"id":1573,"href":"https:\/\/midwestalevi.org\/tr\/wp-json\/wp\/v2\/pages\/1245\/revisions\/1573"}],"wp:attachment":[{"href":"https:\/\/midwestalevi.org\/tr\/wp-json\/wp\/v2\/media?parent=1245"}],"curies":[{"name":"wp","href":"https:\/\/api.w.org\/{rel}","templated":true}]}}