{"id":1609,"date":"2019-12-14T18:42:16","date_gmt":"2019-12-15T00:42:16","guid":{"rendered":"http:\/\/midwestalevi.org\/?page_id=1609"},"modified":"2022-01-18T13:01:26","modified_gmt":"2022-01-18T19:01:26","slug":"2021-etkinlikler-events","status":"publish","type":"page","link":"https:\/\/midwestalevi.org\/tr\/2021-etkinlikler-events\/","title":{"rendered":"2021 Etkinlikler \/ Events"},"content":{"rendered":"<p>&nbsp;<\/p>\n<p>&nbsp;<\/p>\n<hr \/>\n<p><a href=\"http:\/\/midwestalevi.org\/wp-content\/uploads\/2014\/07\/MACC_Picnic_2021_E.png\"><img loading=\"lazy\" decoding=\"async\" class=\"aligncenter size-large wp-image-1782\" src=\"http:\/\/midwestalevi.org\/wp-content\/uploads\/2014\/07\/MACC_Picnic_2021_E-1024x767.png\" alt=\"MACC_Picnic_2021_E\" width=\"1024\" height=\"767\" srcset=\"https:\/\/midwestalevi.org\/wp-content\/uploads\/2014\/07\/MACC_Picnic_2021_E-1024x767.png 1024w, https:\/\/midwestalevi.org\/wp-content\/uploads\/2014\/07\/MACC_Picnic_2021_E-300x225.png 300w, https:\/\/midwestalevi.org\/wp-content\/uploads\/2014\/07\/MACC_Picnic_2021_E-600x450.png 600w, https:\/\/midwestalevi.org\/wp-content\/uploads\/2014\/07\/MACC_Picnic_2021_E-800x600.png 800w, https:\/\/midwestalevi.org\/wp-content\/uploads\/2014\/07\/MACC_Picnic_2021_E.png 1684w\" sizes=\"auto, (max-width: 1024px) 100vw, 1024px\" \/><\/a><\/p>\n<p>Esteemed friends,<\/p>\n<p>We would like to invite you to MACC\u2019s Sixth Annual Picnic. We will have a fun day which will include kids\u2019 games, tournaments, music and traditional dishes from our kitchen.<\/p>\n<p>We look forward to seeing you there.<\/p>\n<p>Sincerely,<\/p>\n<p>MACC BOD<\/p>\n<p>Address: WillowBrook Pond<\/p>\n<p>Plainfield Rd. and Adams St., Willowbrook, IL 60527<\/p>\n<p>Date: August 29th, Sunday, 2021. Time: 1:00 PM<\/p>\n<p>&nbsp;<\/p>\n<p>&nbsp;<\/p>\n<p>________________<\/p>\n<p>&nbsp;<\/p>\n<p><a href=\"http:\/\/midwestalevi.org\/wp-content\/uploads\/2021\/08\/Asure-Gunu-Duyurusu-2021.jpg\"><img loading=\"lazy\" decoding=\"async\" class=\"aligncenter size-large wp-image-1771\" src=\"http:\/\/midwestalevi.org\/wp-content\/uploads\/2021\/08\/Asure-Gunu-Duyurusu-2021-1024x768.jpg\" alt=\"Asure Gunu Duyurusu 2021\" width=\"1024\" height=\"768\" srcset=\"https:\/\/midwestalevi.org\/wp-content\/uploads\/2021\/08\/Asure-Gunu-Duyurusu-2021-1024x768.jpg 1024w, https:\/\/midwestalevi.org\/wp-content\/uploads\/2021\/08\/Asure-Gunu-Duyurusu-2021-300x225.jpg 300w, https:\/\/midwestalevi.org\/wp-content\/uploads\/2021\/08\/Asure-Gunu-Duyurusu-2021-600x450.jpg 600w, https:\/\/midwestalevi.org\/wp-content\/uploads\/2021\/08\/Asure-Gunu-Duyurusu-2021-800x600.jpg 800w\" sizes=\"auto, (max-width: 1024px) 100vw, 1024px\" \/><\/a><\/p>\n<p>Esteemed friends,<\/p>\n<p>We will meet at the end of Muharrem fast to commemorate Hz. Huseyin and those who were martyred during the battle of Kerbela in pursuit of justice. We will cook and share Ashure with members of our community and public during our Ashure Day on August 22nd.<\/p>\n<p>We will be meeting at the Marvin Dunteman Park on August 22nd Sunday at 2 PM, following physical distancing measures and safety guidelines during this event.<\/p>\n<p>Sincerely, MACC BOD<\/p>\n<p>&#8212;&#8212;&#8212;&#8212;-<\/p>\n<p><a href=\"http:\/\/midwestalevi.org\/wp-content\/uploads\/2014\/07\/MACC-Newsletter-Bulten-2020.pdf\">Click here for MACC-Newsletter-Bulten-2020<\/a><\/p>\n<p><a href=\"http:\/\/midwestalevi.org\/wp-content\/uploads\/2019\/12\/MACC-Hizir-Subat-2021-Final4.png\"><img loading=\"lazy\" decoding=\"async\" class=\"aligncenter size-full wp-image-1765\" src=\"http:\/\/midwestalevi.org\/wp-content\/uploads\/2019\/12\/MACC-Hizir-Subat-2021-Final4.png\" alt=\"MACC-Hizir-Subat-2021-Final4\" width=\"595\" height=\"842\" srcset=\"https:\/\/midwestalevi.org\/wp-content\/uploads\/2019\/12\/MACC-Hizir-Subat-2021-Final4.png 595w, https:\/\/midwestalevi.org\/wp-content\/uploads\/2019\/12\/MACC-Hizir-Subat-2021-Final4-212x300.png 212w\" sizes=\"auto, (max-width: 595px) 100vw, 595px\" \/><\/a><\/p>\n<p>&nbsp;<\/p>\n<p>&nbsp;<\/p>\n<p>&nbsp;<\/p>\n<p>&nbsp;<\/p>\n<p>&nbsp;<\/p>\n<p>&nbsp;<\/p>\n<p>&nbsp;<\/p>\n<p><a href=\"http:\/\/midwestalevi.org\/wp-content\/uploads\/2021\/08\/Asure-Gunu-Duyurusu-2021.jpg\"><img loading=\"lazy\" decoding=\"async\" class=\"aligncenter size-large wp-image-1771\" src=\"http:\/\/midwestalevi.org\/wp-content\/uploads\/2021\/08\/Asure-Gunu-Duyurusu-2021-1024x768.jpg\" alt=\"Asure Gunu Duyurusu 2021\" width=\"1024\" height=\"768\" srcset=\"https:\/\/midwestalevi.org\/wp-content\/uploads\/2021\/08\/Asure-Gunu-Duyurusu-2021-1024x768.jpg 1024w, https:\/\/midwestalevi.org\/wp-content\/uploads\/2021\/08\/Asure-Gunu-Duyurusu-2021-300x225.jpg 300w, https:\/\/midwestalevi.org\/wp-content\/uploads\/2021\/08\/Asure-Gunu-Duyurusu-2021-600x450.jpg 600w, https:\/\/midwestalevi.org\/wp-content\/uploads\/2021\/08\/Asure-Gunu-Duyurusu-2021-800x600.jpg 800w\" sizes=\"auto, (max-width: 1024px) 100vw, 1024px\" \/><\/a><\/p>\n<p>Degerli canlar,<\/p>\n<p>Muharrem ayinin 10. Gunu Hz. Huseyin ve Kerbela Sehitleri\u2019ni anmak ve onlarin HAK ve adalet yolunda gostermis oldugu direnisi tekrar hatirlamak amaciyla her yil pisirip paylastigimiz Asure\u2019miz bu sene de pisirilecektir.<\/p>\n<p>\u201cHak Muhammed Ali a\u015fk\u0131na<br \/>\n\u015eehitler serdar\u0131 \u0130mam H\u00fcseyin a\u015fk\u0131na<br \/>\nKerbela meydan\u0131nda \u015fehit d\u00fc\u015fen masumlar\u0131n a\u015fk\u0131na<br \/>\nOniki \u0130mam, Ond\u00f6rt Masumu-u Pak, Onyedi Kemerbest efendilerimizin h\u00fcrmetine<br \/>\nHz. Fatma Ana&#8217;n\u0131n \u015fefaatine<br \/>\nHaz\u0131r, gaip ger\u00e7ek erenlerine himmetine niyet edip tutugunuz matem orucununuz<br \/>\nkabul ve makbul ola<br \/>\nHak dergah\u0131na yaz\u0131la\u201d<\/p>\n<p>Asurelerimiz Hz. Huseyin, Kerbela Sehitleri ve bu isigi yuzyillar otesinden bizlere tasiyan Ulu Ozanlarimiz ve pirlerimiz icindir.<\/p>\n<p>Asurelerimizi paylasmak icin 22 Agustos Pazar gunu saat 2\u2019de Marvin Dunteman Park\u2019ta acik havada, fiziksel mesafe kurallarina ve yapilan tavsiyelere uygun olarak bir araya gelmeyi umut ediyoruz. Isteyen canlar lokmalarini getirebilir veya bagis yaparak katki saglayabilir.<\/p>\n<p>Saygilarimizla<br \/>\nMACC YK<\/p>\n<p>&#8212;&#8212;&#8212;&#8212;&#8212;&#8212;&#8212;&#8212;&#8212;<\/p>\n<p><a href=\"http:\/\/midwestalevi.org\/wp-content\/uploads\/2019\/12\/MACC-Hizir-Subat-2021-Final4.png\"><img loading=\"lazy\" decoding=\"async\" class=\"aligncenter size-full wp-image-1765\" src=\"http:\/\/midwestalevi.org\/wp-content\/uploads\/2019\/12\/MACC-Hizir-Subat-2021-Final4.png\" alt=\"MACC-Hizir-Subat-2021-Final4\" width=\"595\" height=\"842\" srcset=\"https:\/\/midwestalevi.org\/wp-content\/uploads\/2019\/12\/MACC-Hizir-Subat-2021-Final4.png 595w, https:\/\/midwestalevi.org\/wp-content\/uploads\/2019\/12\/MACC-Hizir-Subat-2021-Final4-212x300.png 212w\" sizes=\"auto, (max-width: 595px) 100vw, 595px\" \/><\/a><\/p>\n<p><strong>ALEV\u0130L\u0130KTE HIZIR \u0130NANCI<\/strong><\/p>\n<p>Amerika\u2019daki Alevi Dernekleri 21 \u015eubat Pazar 1PM (CST) \u00e7evirimi\u00e7i bir bulu\u015fma ile \u201cAlevilikte H\u0131z\u0131r \u0130nanc\u0131\u201d adl\u0131 bir muhabbet d\u00fczenliyor.<\/p>\n<p>Arifane\u2019den de\u011ferli konuklar\u0131m\u0131z Firaz Yalva\u00e7 \u015eim\u015fek, Nazl\u0131 Akg\u00fc\u00e7, Mehmet Turan Dede, Gani Peksen, Piri Er ve Abbas Tan konuklar\u0131m\u0131z.<\/p>\n<p>Zoom \u00fczerinden d\u00fczenlenecek olan bu muhabbete kat\u0131lmak isteyen canlar \u00f6nkayit i\u00e7in midwestaleviculturalcenter@gmail.com adresi ile bizlere ula\u015fabilir.<\/p>\n<p>Canlar\u0131m\u0131z\u0131n katk\u0131s\u0131yla haz\u0131rlanan H\u0131z\u0131r Lokmalar\u0131 21 \u015eubat Pazar 3-6 PM payla\u015f\u0131lacakt\u0131r. Covid nedeniyle paketlenerek payla\u015f\u0131lacak olan lokmalar\u0131 canlar Zizi\u2019s Caf\u00e9\u2019den (2825 N Sheffield Ave, Chicago, IL, 60657) 3-6PM alabilirler.<\/p>\n<p>Sayg\u0131lar\u0131m\u0131zla&#8230;<\/p>\n<p>&nbsp;<\/p>\n<p><a href=\"http:\/\/midwestalevi.org\/wp-content\/uploads\/2014\/07\/MACC-Newsletter-Bulten-2020.pdf\">Click here for MACC Newsletter-Bulten-2020<\/a><\/p>\n<p><a href=\"http:\/\/midwestalevi.org\/wp-content\/uploads\/2014\/07\/MACC-Newsletter-Bulten-2020.pdf\">2020 Yili Bildirimi icin tiklayiniz<\/a><\/p>\n<p><a href=\"http:\/\/midwestalevi.org\/wp-content\/uploads\/2019\/12\/MACC_Covid-19_Flyer_03_21_20.pdf\">Click here for our Covid-19 Message<\/a><\/p>\n<p><a href=\"http:\/\/midwestalevi.org\/wp-content\/uploads\/2019\/12\/MACC_Covid-19_Flyer_03_21_20.pdf\">Covid-19 Mesajimiz icin tiklayin<\/a><\/p>\n<p><a href=\"http:\/\/midwestalevi.org\/wp-content\/uploads\/2019\/12\/Midwest-Covid-19-EN.png\">\u00a0<\/a><\/p>","protected":false},"excerpt":{"rendered":"<p>&nbsp; &nbsp; Esteemed friends, We would like to invite you to MACC\u2019s Sixth Annual Picnic. We will have a fun day which will include kids\u2019 games, tournaments, music and traditional dishes from our kitchen. We look forward to seeing you there. Sincerely, MACC BOD Address: WillowBrook Pond Plainfield Rd. and Adams St., Willowbrook, IL 60527&#8230;<\/p>","protected":false},"author":1,"featured_media":0,"parent":0,"menu_order":0,"comment_status":"closed","ping_status":"closed","template":"","meta":{"footnotes":""},"class_list":["post-1609","page","type-page","status-publish","hentry"],"_links":{"self":[{"href":"https:\/\/midwestalevi.org\/tr\/wp-json\/wp\/v2\/pages\/1609","targetHints":{"allow":["GET"]}}],"collection":[{"href":"https:\/\/midwestalevi.org\/tr\/wp-json\/wp\/v2\/pages"}],"about":[{"href":"https:\/\/midwestalevi.org\/tr\/wp-json\/wp\/v2\/types\/page"}],"author":[{"embeddable":true,"href":"https:\/\/midwestalevi.org\/tr\/wp-json\/wp\/v2\/users\/1"}],"replies":[{"embeddable":true,"href":"https:\/\/midwestalevi.org\/tr\/wp-json\/wp\/v2\/comments?post=1609"}],"version-history":[{"count":22,"href":"https:\/\/midwestalevi.org\/tr\/wp-json\/wp\/v2\/pages\/1609\/revisions"}],"predecessor-version":[{"id":1795,"href":"https:\/\/midwestalevi.org\/tr\/wp-json\/wp\/v2\/pages\/1609\/revisions\/1795"}],"wp:attachment":[{"href":"https:\/\/midwestalevi.org\/tr\/wp-json\/wp\/v2\/media?parent=1609"}],"curies":[{"name":"wp","href":"https:\/\/api.w.org\/{rel}","templated":true}]}}