{"id":1701,"date":"2020-03-21T23:09:40","date_gmt":"2020-03-22T05:09:40","guid":{"rendered":"http:\/\/midwestalevi.org\/?page_id=1701"},"modified":"2021-01-05T21:36:14","modified_gmt":"2021-01-06T03:36:14","slug":"2020-etkinlikler-events-past","status":"publish","type":"page","link":"https:\/\/midwestalevi.org\/tr\/2020-etkinlikler-events-past\/","title":{"rendered":"2020 Etkinlikler \/ Events"},"content":{"rendered":"<p><a href=\"http:\/\/midwestalevi.org\/wp-content\/uploads\/2014\/07\/MACC-Newsletter-Bulten-2020.pdf\">Click here for MACC Newsletter-Bulten-2020<\/a><\/p>\n<p><a href=\"http:\/\/midwestalevi.org\/wp-content\/uploads\/2014\/07\/MACC-Newsletter-Bulten-2020.pdf\">Aralik 2020 Bildirimi icin tiklayiniz<\/a><\/p>\n<p><a href=\"http:\/\/midwestalevi.org\/wp-content\/uploads\/2019\/12\/MACC-Newsletter-Bulten-2020-1.png\"><img loading=\"lazy\" decoding=\"async\" class=\"aligncenter size-full wp-image-1743\" src=\"http:\/\/midwestalevi.org\/wp-content\/uploads\/2019\/12\/MACC-Newsletter-Bulten-2020-1.png\" alt=\"MACC Newsletter-Bulten-2020-1\" width=\"1550\" height=\"2008\" srcset=\"https:\/\/midwestalevi.org\/wp-content\/uploads\/2019\/12\/MACC-Newsletter-Bulten-2020-1.png 1550w, https:\/\/midwestalevi.org\/wp-content\/uploads\/2019\/12\/MACC-Newsletter-Bulten-2020-1-232x300.png 232w, https:\/\/midwestalevi.org\/wp-content\/uploads\/2019\/12\/MACC-Newsletter-Bulten-2020-1-790x1024.png 790w, https:\/\/midwestalevi.org\/wp-content\/uploads\/2019\/12\/MACC-Newsletter-Bulten-2020-1-600x777.png 600w, https:\/\/midwestalevi.org\/wp-content\/uploads\/2019\/12\/MACC-Newsletter-Bulten-2020-1-800x1036.png 800w\" sizes=\"auto, (max-width: 1550px) 100vw, 1550px\" \/><\/a><a href=\"http:\/\/midwestalevi.org\/wp-content\/uploads\/2019\/12\/MACC-Newsletter-Bulten-2020-2.png\"><img loading=\"lazy\" decoding=\"async\" class=\"aligncenter size-full wp-image-1744\" src=\"http:\/\/midwestalevi.org\/wp-content\/uploads\/2019\/12\/MACC-Newsletter-Bulten-2020-2.png\" alt=\"MACC Newsletter-Bulten-2020-2\" width=\"1540\" height=\"2012\" srcset=\"https:\/\/midwestalevi.org\/wp-content\/uploads\/2019\/12\/MACC-Newsletter-Bulten-2020-2.png 1540w, https:\/\/midwestalevi.org\/wp-content\/uploads\/2019\/12\/MACC-Newsletter-Bulten-2020-2-230x300.png 230w, https:\/\/midwestalevi.org\/wp-content\/uploads\/2019\/12\/MACC-Newsletter-Bulten-2020-2-784x1024.png 784w, https:\/\/midwestalevi.org\/wp-content\/uploads\/2019\/12\/MACC-Newsletter-Bulten-2020-2-600x784.png 600w, https:\/\/midwestalevi.org\/wp-content\/uploads\/2019\/12\/MACC-Newsletter-Bulten-2020-2-800x1045.png 800w\" sizes=\"auto, (max-width: 1540px) 100vw, 1540px\" \/><\/a><\/p>\n<p><a href=\"http:\/\/midwestalevi.org\/wp-content\/uploads\/2019\/12\/MACC-Newsletter-Bulten-2020-3.png\"><img loading=\"lazy\" decoding=\"async\" class=\"aligncenter size-full wp-image-1745\" src=\"http:\/\/midwestalevi.org\/wp-content\/uploads\/2019\/12\/MACC-Newsletter-Bulten-2020-3.png\" alt=\"MACC Newsletter-Bulten-2020-3\" width=\"1564\" height=\"1990\" srcset=\"https:\/\/midwestalevi.org\/wp-content\/uploads\/2019\/12\/MACC-Newsletter-Bulten-2020-3.png 1564w, https:\/\/midwestalevi.org\/wp-content\/uploads\/2019\/12\/MACC-Newsletter-Bulten-2020-3-236x300.png 236w, https:\/\/midwestalevi.org\/wp-content\/uploads\/2019\/12\/MACC-Newsletter-Bulten-2020-3-805x1024.png 805w, https:\/\/midwestalevi.org\/wp-content\/uploads\/2019\/12\/MACC-Newsletter-Bulten-2020-3-600x763.png 600w, https:\/\/midwestalevi.org\/wp-content\/uploads\/2019\/12\/MACC-Newsletter-Bulten-2020-3-800x1018.png 800w\" sizes=\"auto, (max-width: 1564px) 100vw, 1564px\" \/><\/a><a href=\"http:\/\/midwestalevi.org\/wp-content\/uploads\/2019\/12\/MACC-Newsletter-Bulten-2020-4.png\"><img loading=\"lazy\" decoding=\"async\" class=\"aligncenter size-full wp-image-1746\" src=\"http:\/\/midwestalevi.org\/wp-content\/uploads\/2019\/12\/MACC-Newsletter-Bulten-2020-4.png\" alt=\"MACC Newsletter-Bulten-2020-4\" width=\"1546\" height=\"2008\" srcset=\"https:\/\/midwestalevi.org\/wp-content\/uploads\/2019\/12\/MACC-Newsletter-Bulten-2020-4.png 1546w, https:\/\/midwestalevi.org\/wp-content\/uploads\/2019\/12\/MACC-Newsletter-Bulten-2020-4-231x300.png 231w, https:\/\/midwestalevi.org\/wp-content\/uploads\/2019\/12\/MACC-Newsletter-Bulten-2020-4-788x1024.png 788w, https:\/\/midwestalevi.org\/wp-content\/uploads\/2019\/12\/MACC-Newsletter-Bulten-2020-4-600x779.png 600w, https:\/\/midwestalevi.org\/wp-content\/uploads\/2019\/12\/MACC-Newsletter-Bulten-2020-4-800x1039.png 800w\" sizes=\"auto, (max-width: 1546px) 100vw, 1546px\" \/><\/a><\/p>\n<p><a href=\"http:\/\/midwestalevi.org\/wp-content\/uploads\/2020\/10\/AleviYouthAwards-CALL-FOR-SUBMISSIONS_Page_2.png\">\u00a0<\/a><\/p>\n<p style=\"font-weight: 400;\">August, 29th, 2020: Ashure<\/p>\n<p style=\"font-weight: 400;\"><a href=\"http:\/\/midwestalevi.org\/wp-content\/uploads\/2014\/07\/Asure_MACC_2020.png\"><img loading=\"lazy\" decoding=\"async\" class=\"aligncenter size-medium wp-image-1715\" src=\"http:\/\/midwestalevi.org\/wp-content\/uploads\/2014\/07\/Asure_MACC_2020-300x228.png\" alt=\"Asure_MACC_2020\" width=\"300\" height=\"228\" srcset=\"https:\/\/midwestalevi.org\/wp-content\/uploads\/2014\/07\/Asure_MACC_2020-300x228.png 300w, https:\/\/midwestalevi.org\/wp-content\/uploads\/2014\/07\/Asure_MACC_2020-1024x778.png 1024w, https:\/\/midwestalevi.org\/wp-content\/uploads\/2014\/07\/Asure_MACC_2020-600x456.png 600w, https:\/\/midwestalevi.org\/wp-content\/uploads\/2014\/07\/Asure_MACC_2020-800x608.png 800w, https:\/\/midwestalevi.org\/wp-content\/uploads\/2014\/07\/Asure_MACC_2020.png 1632w\" sizes=\"auto, (max-width: 300px) 100vw, 300px\" \/><\/a><\/p>\n<p style=\"font-weight: 400;\">Degerli canlar,<\/p>\n<p style=\"font-weight: 400;\">M<span style=\"font-size: 16px; font-weight: 400;\">uharrem ayinin 10. Gunu hem Hz. Huseyin ve Kerbela Sehitleri\u2019ni anmak, hem de onlarin\u00a0<\/span><strong style=\"font-size: 16px;\">HAK<\/strong><span style=\"font-size: 16px; font-weight: 400;\">\u00a0ve adalet yolunda gostermis oldugu direnisi tekrar hatirlamak amaciyla her yil pisirip paylastigimiz Asure\u2019miz bu sene de pisirilecektir.<\/span><\/p>\n<p style=\"font-weight: 400;\">Asurelerimiz,\u00a0<strong>Erenler Hunkari Hz. Huseyin<\/strong>,\u00a0<strong>Kerbela Sehitleri<\/strong>\u00a0ve bu ugurda sir olan ama ser vermeyen ve bu isigi yuzyillar otesinden bizlere tasiyan Ulu Ozanlarimiz ve pirlerimiz icindir.<\/p>\n<p style=\"font-weight: 400;\">Pandemi nedeniyle toplu olarak bir araya gelemeyecegiz ama isteyen canlarimiz pisirilen Asure\u2019yi duyurudaki zaman dilimleri icerisinde verilen adresten alabilirler.<\/p>\n<p style=\"font-weight: 400;\">Saygilarimizla<\/p>\n<p style=\"font-weight: 400;\">MACC YK<\/p>\n<p style=\"font-weight: 400;\">______<\/p>\n<p>Esteemed friends,<\/p>\n<p>We meet at the end of this fast to commemorate Hz. Huseyin and those who were martyred during the battle of Kerbela in pursuit of justice. At the conclusion of the fast, a special food dish called Ashure is prepared from a variety of grains, fruits and nuts, 12 in number to represent 12 imams.<\/p>\n<p>We will not be able to gather as a community due to the coronavirus pandemic. However, we will still cook and share Ashure (will be packaged in individual containers), and it can be obtained between 1-5 PM on August 29<sup>th<\/sup>, Saturday from the address specified in the flyer.<\/p>\n<p>Sincerely,<\/p>\n<p>MACC BOD<\/p>\n<hr \/>\n<p>&nbsp;<\/p>\n<p>&nbsp;<\/p>\n<p>February 16th, 2020: H\u0131z\u0131r lokmas\u0131<\/p>\n<p>De\u011ferli dostlar,<\/p>\n<p>H\u0131z\u0131r Orucu (11-13 \u015eubat) sonras\u0131nda 16 \u015eubat Pazar gunu derne\u011fimiz taraf\u0131ndan organize edilecek olan H\u0131z\u0131r Lokmas\u0131 etkinli\u011finde lokmalar\u0131m\u0131z\u0131 sizlerle payla\u015fmak istiyoruz.<\/p>\n<p>\u0130steyen canlar lokmalar\u0131n\u0131 getirebilir.<\/p>\n<div>\n<blockquote><p><em>Misafir gelir ki k\u0131smeti bile<\/em><br \/>\n<em>Misafir H\u0131z\u0131r\u2019d\u0131r \u00f6zr\u00fcn\u00fc dile<\/em><br \/>\n<em>Hatai yim u\u011fruyu tut ver gel ele<\/em><br \/>\n<em>Mihman canlar bize sefa geldiniz<\/em><\/p><\/blockquote>\n<p>Yer: Zizi\u2019s Cafe<br \/>\nTarih&amp;Saat: 16 Subat, Pazar, 2020.<span class=\"im\"><br \/>\n2825 Sheffield Ave, Chicago, IL, 60657 @ 11 AM -1 PM<\/span><\/p>\n<p>Esteemed Friends,<\/p>\n<p>Following the three-day Hizir fast (Hizir Orucu, 11-13 February), we will share \u201cHizir Lokmasi\u201d with our community along with contemplation, poetry and music.<\/p>\n<p>Alevis fast during these days to honor Hizir, a holy figure who they believe saves those in need. Alevis commemorate Hizir in February during \u201cHizir Day&#8221; with contemplation, music, poetry and festivities. Join us during this event.<\/p>\n<p>Hizir to be with you at all times.<\/p>\n<p>Location: Zizi\u2019s Cafe<br \/>\nDate&amp;Time: February 16th, Sunday, 2020<span class=\"im\"><br \/>\n2825 Sheffield Ave, Chicago, IL, 60657 @ 11 AM -1 PM<\/span><\/p>\n<p><a href=\"http:\/\/midwestalevi.org\/wp-content\/uploads\/2020\/02\/Hizir-Flyer-2020.png\"><img loading=\"lazy\" decoding=\"async\" class=\"size-medium wp-image-1694 alignleft\" src=\"http:\/\/midwestalevi.org\/wp-content\/uploads\/2020\/02\/Hizir-Flyer-2020-232x300.png\" alt=\"Hizir Flyer 2020\" width=\"232\" height=\"300\" srcset=\"https:\/\/midwestalevi.org\/wp-content\/uploads\/2020\/02\/Hizir-Flyer-2020-232x300.png 232w, https:\/\/midwestalevi.org\/wp-content\/uploads\/2020\/02\/Hizir-Flyer-2020-793x1024.png 793w, https:\/\/midwestalevi.org\/wp-content\/uploads\/2020\/02\/Hizir-Flyer-2020-600x775.png 600w, https:\/\/midwestalevi.org\/wp-content\/uploads\/2020\/02\/Hizir-Flyer-2020-800x1034.png 800w\" sizes=\"auto, (max-width: 232px) 100vw, 232px\" \/><\/a><\/p>\n<\/div>\n<p>&nbsp;<\/p>\n<p>&nbsp;<\/p>\n<p><iframe loading=\"lazy\" style=\"border: none; overflow: hidden;\" src=\"https:\/\/www.facebook.com\/plugins\/video.php?href=https%3A%2F%2Fwww.facebook.com%2FMidwestAleviCulturalCenter%2Fvideos%2F536921163588074%2F&amp;show_text=0&amp;width=560\" width=\"560\" height=\"315\" frameborder=\"0\" scrolling=\"no\" allowfullscreen=\"allowfullscreen\"><\/iframe><\/p>\n<p>&nbsp;<\/p>\n<p>Baglama Workshops:<\/p>\n<p><a href=\"http:\/\/midwestalevi.org\/wp-content\/uploads\/2019\/12\/Slide3.png\"><img loading=\"lazy\" decoding=\"async\" class=\"wp-image-1689 size-medium alignleft\" src=\"http:\/\/midwestalevi.org\/wp-content\/uploads\/2019\/12\/Slide3-300x169.png\" alt=\"Slide3\" width=\"300\" height=\"169\" srcset=\"https:\/\/midwestalevi.org\/wp-content\/uploads\/2019\/12\/Slide3-300x169.png 300w, https:\/\/midwestalevi.org\/wp-content\/uploads\/2019\/12\/Slide3-600x338.png 600w, https:\/\/midwestalevi.org\/wp-content\/uploads\/2019\/12\/Slide3.png 720w\" sizes=\"auto, (max-width: 300px) 100vw, 300px\" \/><\/a><a href=\"http:\/\/midwestalevi.org\/wp-content\/uploads\/2019\/12\/Slide1.png\"><img loading=\"lazy\" decoding=\"async\" class=\"alignright wp-image-1688 size-medium\" src=\"http:\/\/midwestalevi.org\/wp-content\/uploads\/2019\/12\/Slide1-300x169.png\" alt=\"Slide1\" width=\"300\" height=\"169\" srcset=\"https:\/\/midwestalevi.org\/wp-content\/uploads\/2019\/12\/Slide1-300x169.png 300w, https:\/\/midwestalevi.org\/wp-content\/uploads\/2019\/12\/Slide1-600x338.png 600w, https:\/\/midwestalevi.org\/wp-content\/uploads\/2019\/12\/Slide1.png 720w\" sizes=\"auto, (max-width: 300px) 100vw, 300px\" \/><\/a><\/p>","protected":false},"excerpt":{"rendered":"<p>Click here for MACC Newsletter-Bulten-2020 Aralik 2020 Bildirimi icin tiklayiniz \u00a0 August, 29th, 2020: Ashure Degerli canlar, Muharrem ayinin 10. Gunu hem Hz. Huseyin ve Kerbela Sehitleri\u2019ni anmak, hem de onlarin\u00a0HAK\u00a0ve adalet yolunda gostermis oldugu direnisi tekrar hatirlamak amaciyla her yil pisirip paylastigimiz Asure\u2019miz bu sene de pisirilecektir. Asurelerimiz,\u00a0Erenler Hunkari Hz. Huseyin,\u00a0Kerbela Sehitleri\u00a0ve bu ugurda&#8230;<\/p>","protected":false},"author":1,"featured_media":0,"parent":0,"menu_order":0,"comment_status":"closed","ping_status":"closed","template":"","meta":{"footnotes":""},"class_list":["post-1701","page","type-page","status-publish","hentry"],"_links":{"self":[{"href":"https:\/\/midwestalevi.org\/tr\/wp-json\/wp\/v2\/pages\/1701","targetHints":{"allow":["GET"]}}],"collection":[{"href":"https:\/\/midwestalevi.org\/tr\/wp-json\/wp\/v2\/pages"}],"about":[{"href":"https:\/\/midwestalevi.org\/tr\/wp-json\/wp\/v2\/types\/page"}],"author":[{"embeddable":true,"href":"https:\/\/midwestalevi.org\/tr\/wp-json\/wp\/v2\/users\/1"}],"replies":[{"embeddable":true,"href":"https:\/\/midwestalevi.org\/tr\/wp-json\/wp\/v2\/comments?post=1701"}],"version-history":[{"count":8,"href":"https:\/\/midwestalevi.org\/tr\/wp-json\/wp\/v2\/pages\/1701\/revisions"}],"predecessor-version":[{"id":1775,"href":"https:\/\/midwestalevi.org\/tr\/wp-json\/wp\/v2\/pages\/1701\/revisions\/1775"}],"wp:attachment":[{"href":"https:\/\/midwestalevi.org\/tr\/wp-json\/wp\/v2\/media?parent=1701"}],"curies":[{"name":"wp","href":"https:\/\/api.w.org\/{rel}","templated":true}]}}