{"id":56,"date":"2014-07-20T11:29:04","date_gmt":"2014-07-20T17:29:04","guid":{"rendered":"http:\/\/midwestalevi.org\/?page_id=56"},"modified":"2018-04-08T22:48:56","modified_gmt":"2018-04-09T04:48:56","slug":"kurulus-amacimiz","status":"publish","type":"page","link":"https:\/\/midwestalevi.org\/tr\/hakkimizda\/kurulus-amacimiz\/","title":{"rendered":"Kurulu\u015f Amac\u0131m\u0131z"},"content":{"rendered":"<p>&nbsp;<\/p>\n<p>Alevi-Bekta\u015filer y\u0131llarca inan\u00e7 ve \u00f6\u011fretilerinin gere\u011fi olarak demokratik, sek\u00fcler ve insanli\u011fin evrensel de\u011ferlerini benimseyen bir \u00fclke hasreti duymu\u015flar ve bu u\u011furda m\u00fccadele etmi\u015flerdir. Savunduklar\u0131 bu de\u011ferler nedeniyle Alevi-Bekta\u015filer y\u00fczy\u0131llar boyunca gerici \u00e7evreler taraf\u0131ndan kendi anayurtlar\u0131nda bask\u0131 ve katliamlar\u0131n hedefi olmu\u015ftur. G\u00fcn\u00fcm\u00fczde de devam eden bu \u015fiddet ve sindirme politikalar\u0131 kar\u015f\u0131s\u0131nda inan\u00e7 ve k\u00fclt\u00fcrel de\u011ferlerini ya\u015fatmak isteyen Alevi-Beka\u015filer icin tek yol birlik ve dirlik i\u00e7inde \u00f6rg\u00fctl\u00fc bir g\u00fc\u00e7 olmakt\u0131r.<\/p>\n<p>Bu ger\u00e7e\u011fi farkeden canlar\u0131n gayretleri sonucunda Turkiye\u2019de 1990\u2019larda h\u0131zlanan Alevi- Bekta\u015fi \u00f6rg\u00fctlenmesi uluslararas\u0131 alanda da varli\u011fini g\u00f6stermi\u015f, dunyan\u0131n pek \u00e7ok \u00fclkesinde Alevi-Bekta\u015fi kurum ve kurulu\u015flar\u0131 a\u00e7\u0131lmi\u015ftir. Amerika Birle\u015fik Devletlerinde de benzeri bir \u00f6rg\u00fctlenmenin ger\u00e7ekle\u015fmesi, hem bu \u00fclkede Alevi-Bekta\u015fi k\u00fclt\u00fcr\u00fcn\u00fcn ya\u015fat\u0131lmas\u0131 ve gen\u00e7 ku\u015faklara aktar\u0131lmas\u0131 hem de Alevi-Bekta\u015filere y\u00f6nelik T\u00fcrkiye\u2019de son y\u0131llarda artan ayr\u0131mc\u0131l\u0131k ve asimilasyon \u00e7abalar\u0131n\u0131n bo\u015fa \u00e7\u0131kar\u0131lmas\u0131 ve Alevi- Bekta\u015filerin anayurtlar\u0131nda e\u015fit yurtta\u015fl\u0131k hakk\u0131n\u0131 kazanabilmeleri i\u00e7in hayati \u00f6nem ta\u015f\u0131maktad\u0131r. Bu d\u00fc\u015f\u00fcncelerden hareketle, Chicago- Illinois merkezli, Amerika\u2019da ya\u015fayan Alevi-Bekta\u015fi yoluna bir inan\u00e7 ve\/veya k\u00fclt\u00fcr olarak ba\u011fl\u0131 insanlar\u0131 bir araya getirmeyi hedefleyen Midwest Alevi Cultural Center (Ortabat\u0131 Amerika Alevi K\u00fclt\u00fcr Merkezi) adl\u0131 sivil toplum \u00f6rg\u00fct\u00fcn\u00fc kurduk.<\/p>\n<p>Alevi-Bekta\u015filerin birli\u011fine katk\u0131 sa\u011flamak amac\u0131yla kurulan derne\u011fimiz ad\u0131na ABD\u2019de ya\u015fayan t\u00fcm canlar\u0131 selaml\u0131yor, y\u00fczy\u0131llar boyunca tum bask\u0131 ve katliamlara ra\u011fmen \u00f6z\u00fcn\u00fc yitirmeden muhafaza etti\u011fimiz inan\u00e7 ve k\u00fclt\u00fcrel de\u011ferlerimizi ya\u015famak, ya\u015fatmak ve payla\u015fmak i\u00e7in sizleri de MACC\u2019a kat\u0131lmaya davet ediyoruz.<\/p>","protected":false},"excerpt":{"rendered":"<p>&nbsp; Alevi-Bekta\u015filer y\u0131llarca inan\u00e7 ve \u00f6\u011fretilerinin gere\u011fi olarak demokratik, sek\u00fcler ve insanli\u011fin evrensel de\u011ferlerini benimseyen bir \u00fclke hasreti duymu\u015flar ve bu u\u011furda m\u00fccadele etmi\u015flerdir. Savunduklar\u0131 bu de\u011ferler nedeniyle Alevi-Bekta\u015filer y\u00fczy\u0131llar boyunca gerici \u00e7evreler taraf\u0131ndan kendi anayurtlar\u0131nda bask\u0131 ve katliamlar\u0131n hedefi olmu\u015ftur. G\u00fcn\u00fcm\u00fczde de devam eden bu \u015fiddet ve sindirme politikalar\u0131 kar\u015f\u0131s\u0131nda inan\u00e7 ve k\u00fclt\u00fcrel de\u011ferlerini&#8230;<\/p>","protected":false},"author":1,"featured_media":0,"parent":6,"menu_order":0,"comment_status":"closed","ping_status":"closed","template":"nosidebar.php","meta":{"footnotes":""},"class_list":["post-56","page","type-page","status-publish","hentry"],"_links":{"self":[{"href":"https:\/\/midwestalevi.org\/tr\/wp-json\/wp\/v2\/pages\/56","targetHints":{"allow":["GET"]}}],"collection":[{"href":"https:\/\/midwestalevi.org\/tr\/wp-json\/wp\/v2\/pages"}],"about":[{"href":"https:\/\/midwestalevi.org\/tr\/wp-json\/wp\/v2\/types\/page"}],"author":[{"embeddable":true,"href":"https:\/\/midwestalevi.org\/tr\/wp-json\/wp\/v2\/users\/1"}],"replies":[{"embeddable":true,"href":"https:\/\/midwestalevi.org\/tr\/wp-json\/wp\/v2\/comments?post=56"}],"version-history":[{"count":7,"href":"https:\/\/midwestalevi.org\/tr\/wp-json\/wp\/v2\/pages\/56\/revisions"}],"predecessor-version":[{"id":1303,"href":"https:\/\/midwestalevi.org\/tr\/wp-json\/wp\/v2\/pages\/56\/revisions\/1303"}],"up":[{"embeddable":true,"href":"https:\/\/midwestalevi.org\/tr\/wp-json\/wp\/v2\/pages\/6"}],"wp:attachment":[{"href":"https:\/\/midwestalevi.org\/tr\/wp-json\/wp\/v2\/media?parent=56"}],"curies":[{"name":"wp","href":"https:\/\/api.w.org\/{rel}","templated":true}]}}