{"id":919,"date":"2016-12-24T10:52:03","date_gmt":"2016-12-24T16:52:03","guid":{"rendered":"http:\/\/midwestalevi.org\/?page_id=919"},"modified":"2018-04-08T23:57:46","modified_gmt":"2018-04-09T05:57:46","slug":"2015-etkinlikler-events","status":"publish","type":"page","link":"https:\/\/midwestalevi.org\/tr\/2015-etkinlikler-events\/","title":{"rendered":"2015 Etkinlikler \/ Events"},"content":{"rendered":"<p>2015 Etkinlikler \/ Events<\/p>\n<p><strong>\u0130lk Ba\u011flama dersimiz<\/strong><\/p>\n<div id=\"metaslider-id-745\" style=\"max-width: 500px;\" class=\"ml-slider-3-107-0 metaslider metaslider-flex metaslider-745 ml-slider ms-theme-default nav-hidden\" role=\"region\" aria-label=\"Saz Class\" data-height=\"400\" data-width=\"500\">\n    <div id=\"metaslider_container_745\">\n        <div id=\"metaslider_745\">\n            <ul class='slides'>\n                <li style=\"display: block; width: 100%;\" class=\"slide-746 ms-image\" aria-roledescription=\"slide\" data-date=\"2016-01-11 19:57:15\" data-filename=\"12487191_1702753929936755_603676657533955709_o-500x400.jpg\" data-slide-type=\"image\"><img loading=\"lazy\" decoding=\"async\" src=\"https:\/\/midwestalevi.org\/wp-content\/uploads\/2016\/01\/12487191_1702753929936755_603676657533955709_o-500x400.jpg\" height=\"400\" width=\"500\" alt=\"\" class=\"slider-745 slide-746 msDefaultImage\" \/><\/li>\n                <li style=\"display: none; width: 100%;\" class=\"slide-747 ms-image\" aria-roledescription=\"slide\" data-date=\"2016-01-11 19:57:23\" data-filename=\"12466064_1702753926603422_4935924657629614588_o-500x400.jpg\" data-slide-type=\"image\"><img loading=\"lazy\" decoding=\"async\" src=\"https:\/\/midwestalevi.org\/wp-content\/uploads\/2016\/01\/12466064_1702753926603422_4935924657629614588_o-500x400.jpg\" height=\"400\" width=\"500\" alt=\"\" class=\"slider-745 slide-747 msDefaultImage\" \/><\/li>\n                <li style=\"display: none; width: 100%;\" class=\"slide-748 ms-image\" aria-roledescription=\"slide\" data-date=\"2016-01-11 19:57:26\" data-filename=\"12471532_1702753849936763_674757125332021097_o-500x400.jpg\" data-slide-type=\"image\"><img loading=\"lazy\" decoding=\"async\" src=\"https:\/\/midwestalevi.org\/wp-content\/uploads\/2016\/01\/12471532_1702753849936763_674757125332021097_o-500x400.jpg\" height=\"400\" width=\"500\" alt=\"\" class=\"slider-745 slide-748 msDefaultImage\" \/><\/li>\n                <li style=\"display: none; width: 100%;\" class=\"slide-749 ms-image\" aria-roledescription=\"slide\" data-date=\"2016-01-11 19:57:31\" data-filename=\"12491939_1702753846603430_3803059068775173979_o-500x400.jpg\" data-slide-type=\"image\"><img loading=\"lazy\" decoding=\"async\" src=\"https:\/\/midwestalevi.org\/wp-content\/uploads\/2016\/01\/12491939_1702753846603430_3803059068775173979_o-500x400.jpg\" height=\"400\" width=\"500\" alt=\"\" class=\"slider-745 slide-749 msDefaultImage\" \/><\/li>\n                <li style=\"display: none; width: 100%;\" class=\"slide-750 ms-image\" aria-roledescription=\"slide\" data-date=\"2016-01-11 19:57:36\" data-filename=\"12471319_1702753843270097_8907648912044227502_o-500x400.jpg\" data-slide-type=\"image\"><img loading=\"lazy\" decoding=\"async\" src=\"https:\/\/midwestalevi.org\/wp-content\/uploads\/2016\/01\/12471319_1702753843270097_8907648912044227502_o-500x400.jpg\" height=\"400\" width=\"500\" alt=\"\" class=\"slider-745 slide-750 msDefaultImage\" \/><\/li>\n                <li style=\"display: none; width: 100%;\" class=\"slide-751 ms-image\" aria-roledescription=\"slide\" data-date=\"2016-01-11 19:57:40\" data-filename=\"12489413_1702753773270104_4143542048853578486_o-500x400.jpg\" data-slide-type=\"image\"><img loading=\"lazy\" decoding=\"async\" src=\"https:\/\/midwestalevi.org\/wp-content\/uploads\/2016\/01\/12489413_1702753773270104_4143542048853578486_o-500x400.jpg\" height=\"400\" width=\"500\" alt=\"\" class=\"slider-745 slide-751 msDefaultImage\" \/><\/li>\n                <li style=\"display: none; width: 100%;\" class=\"slide-752 ms-image\" aria-roledescription=\"slide\" data-date=\"2016-01-11 19:57:43\" data-filename=\"12402012_1702753756603439_9137747639718850786_o-500x400.jpg\" data-slide-type=\"image\"><img loading=\"lazy\" decoding=\"async\" src=\"https:\/\/midwestalevi.org\/wp-content\/uploads\/2016\/01\/12402012_1702753756603439_9137747639718850786_o-500x400.jpg\" height=\"400\" width=\"500\" alt=\"\" class=\"slider-745 slide-752 msDefaultImage\" \/><\/li>\n                <li style=\"display: none; width: 100%;\" class=\"slide-753 ms-image\" aria-roledescription=\"slide\" data-date=\"2016-01-11 19:57:46\" data-filename=\"12491845_1702753753270106_5741245246242345648_o-500x400.jpg\" data-slide-type=\"image\"><img loading=\"lazy\" decoding=\"async\" src=\"https:\/\/midwestalevi.org\/wp-content\/uploads\/2016\/01\/12491845_1702753753270106_5741245246242345648_o-500x400.jpg\" height=\"400\" width=\"500\" alt=\"\" class=\"slider-745 slide-753 msDefaultImage\" \/><\/li>\n                <li style=\"display: none; width: 100%;\" class=\"slide-754 ms-image\" aria-roledescription=\"slide\" data-date=\"2016-01-11 19:57:50\" data-filename=\"12491775_1702753709936777_3640609168181292975_o-500x400.jpg\" data-slide-type=\"image\"><img loading=\"lazy\" decoding=\"async\" src=\"https:\/\/midwestalevi.org\/wp-content\/uploads\/2016\/01\/12491775_1702753709936777_3640609168181292975_o-500x400.jpg\" height=\"400\" width=\"500\" alt=\"\" class=\"slider-745 slide-754 msDefaultImage\" \/><\/li>\n                <li style=\"display: none; width: 100%;\" class=\"slide-755 ms-image\" aria-roledescription=\"slide\" data-date=\"2016-01-11 19:57:55\" data-filename=\"12525194_1702753679936780_4865294138922106750_o-500x400.jpg\" data-slide-type=\"image\"><img loading=\"lazy\" decoding=\"async\" src=\"https:\/\/midwestalevi.org\/wp-content\/uploads\/2016\/01\/12525194_1702753679936780_4865294138922106750_o-500x400.jpg\" height=\"400\" width=\"500\" alt=\"\" class=\"slider-745 slide-755 msDefaultImage\" \/><\/li>\n                <li style=\"display: none; width: 100%;\" class=\"slide-756 ms-image\" aria-roledescription=\"slide\" data-date=\"2016-01-11 19:58:01\" data-filename=\"12473828_1702753676603447_1775021190574010087_o-500x400.jpg\" data-slide-type=\"image\"><img loading=\"lazy\" decoding=\"async\" src=\"https:\/\/midwestalevi.org\/wp-content\/uploads\/2016\/01\/12473828_1702753676603447_1775021190574010087_o-500x400.jpg\" height=\"400\" width=\"500\" alt=\"\" class=\"slider-745 slide-756 msDefaultImage\" \/><\/li>\n                <li style=\"display: none; width: 100%;\" class=\"slide-757 ms-image\" aria-roledescription=\"slide\" data-date=\"2016-01-11 19:58:04\" data-filename=\"12493408_1702753663270115_4675796225039394767_o-500x400.jpg\" data-slide-type=\"image\"><img loading=\"lazy\" decoding=\"async\" src=\"https:\/\/midwestalevi.org\/wp-content\/uploads\/2016\/01\/12493408_1702753663270115_4675796225039394767_o-500x400.jpg\" height=\"400\" width=\"500\" alt=\"\" class=\"slider-745 slide-757 msDefaultImage\" \/><\/li>\n                <li style=\"display: none; width: 100%;\" class=\"slide-758 ms-image\" aria-roledescription=\"slide\" data-date=\"2016-01-11 19:58:11\" data-filename=\"12473666_1702753626603452_3861755154543714255_o-500x400.jpg\" data-slide-type=\"image\"><img loading=\"lazy\" decoding=\"async\" src=\"https:\/\/midwestalevi.org\/wp-content\/uploads\/2016\/01\/12473666_1702753626603452_3861755154543714255_o-500x400.jpg\" height=\"400\" width=\"500\" alt=\"\" class=\"slider-745 slide-758 msDefaultImage\" \/><\/li>\n                <li style=\"display: none; width: 100%;\" class=\"slide-759 ms-image\" aria-roledescription=\"slide\" data-date=\"2016-01-11 19:58:23\" data-filename=\"12489377_1702753633270118_4131046682033571490_o-500x400.jpg\" data-slide-type=\"image\"><img loading=\"lazy\" decoding=\"async\" src=\"https:\/\/midwestalevi.org\/wp-content\/uploads\/2016\/01\/12489377_1702753633270118_4131046682033571490_o-500x400.jpg\" height=\"400\" width=\"500\" alt=\"\" class=\"slider-745 slide-759 msDefaultImage\" \/><\/li>\n                <li style=\"display: none; width: 100%;\" class=\"slide-760 ms-image\" aria-roledescription=\"slide\" data-date=\"2016-01-11 19:58:30\" data-filename=\"12493547_1702753629936785_5670729853182548146_o-500x400.jpg\" data-slide-type=\"image\"><img loading=\"lazy\" decoding=\"async\" src=\"https:\/\/midwestalevi.org\/wp-content\/uploads\/2016\/01\/12493547_1702753629936785_5670729853182548146_o-500x400.jpg\" height=\"400\" width=\"500\" alt=\"\" class=\"slider-745 slide-760 msDefaultImage\" \/><\/li>\n            <\/ul>\n        <\/div>\n        \n    <\/div>\n<\/div>\n<hr \/>\n<p><a href=\"http:\/\/midwestalevi.org\/wp-content\/uploads\/2014\/07\/11219724_1662777643934384_4633108236887211970_n.jpg\"><img loading=\"lazy\" decoding=\"async\" class=\"aligncenter size-full wp-image-694\" src=\"http:\/\/midwestalevi.org\/wp-content\/uploads\/2014\/07\/11219724_1662777643934384_4633108236887211970_n.jpg\" alt=\"11219724_1662777643934384_4633108236887211970_n\" width=\"720\" height=\"540\" srcset=\"https:\/\/midwestalevi.org\/wp-content\/uploads\/2014\/07\/11219724_1662777643934384_4633108236887211970_n.jpg 720w, https:\/\/midwestalevi.org\/wp-content\/uploads\/2014\/07\/11219724_1662777643934384_4633108236887211970_n-300x225.jpg 300w, https:\/\/midwestalevi.org\/wp-content\/uploads\/2014\/07\/11219724_1662777643934384_4633108236887211970_n-600x450.jpg 600w\" sizes=\"auto, (max-width: 720px) 100vw, 720px\" \/><\/a><\/p>\n<hr \/>\n<p><strong>MACC \u00dc\u00e7\u00fcnc\u00fc A\u015fure G\u00fcn\u00fc<\/strong><br \/>\n<strong>7 Eyl\u00fcl 2015<\/strong><\/p>\n<div id=\"metaslider-id-711\" style=\"max-width: 400px;\" class=\"ml-slider-3-107-0 metaslider metaslider-flex metaslider-711 ml-slider ms-theme-default nav-hidden nav-hidden\" role=\"region\" aria-label=\"3rd Asure Day\" data-height=\"400\" data-width=\"400\">\n    <div id=\"metaslider_container_711\">\n        <div id=\"metaslider_711\">\n            <ul class='slides'>\n                <li style=\"display: block; width: 100%;\" class=\"slide-713 ms-image\" aria-roledescription=\"slide\" data-date=\"2015-12-05 18:37:27\" data-filename=\"12189268_1683531318525683_7152186051453183801_o-400x400.jpg\" data-slide-type=\"image\"><img loading=\"lazy\" decoding=\"async\" src=\"https:\/\/midwestalevi.org\/wp-content\/uploads\/2015\/12\/12189268_1683531318525683_7152186051453183801_o-400x400.jpg\" height=\"400\" width=\"400\" alt=\"\" class=\"slider-711 slide-713 msDefaultImage\" \/><\/li>\n                <li style=\"display: none; width: 100%;\" class=\"slide-714 ms-image\" aria-roledescription=\"slide\" data-date=\"2015-12-05 18:37:38\" data-filename=\"12185053_1683531425192339_5818359739923956231_o-400x400.jpg\" data-slide-type=\"image\"><img loading=\"lazy\" decoding=\"async\" src=\"https:\/\/midwestalevi.org\/wp-content\/uploads\/2015\/12\/12185053_1683531425192339_5818359739923956231_o-400x400.jpg\" height=\"400\" width=\"400\" alt=\"\" class=\"slider-711 slide-714 msDefaultImage\" \/><\/li>\n                <li style=\"display: none; width: 100%;\" class=\"slide-715 ms-image\" aria-roledescription=\"slide\" data-date=\"2015-12-05 18:37:44\" data-filename=\"12189298_1683531575192324_2284765546562986796_o-400x400.jpg\" data-slide-type=\"image\"><img loading=\"lazy\" decoding=\"async\" src=\"https:\/\/midwestalevi.org\/wp-content\/uploads\/2015\/12\/12189298_1683531575192324_2284765546562986796_o-400x400.jpg\" height=\"400\" width=\"400\" alt=\"\" class=\"slider-711 slide-715 msDefaultImage\" \/><\/li>\n                <li style=\"display: none; width: 100%;\" class=\"slide-716 ms-image\" aria-roledescription=\"slide\" data-date=\"2015-12-05 18:37:49\" data-filename=\"12184022_1683531701858978_1157424006802777818_o-400x400.jpg\" data-slide-type=\"image\"><img loading=\"lazy\" decoding=\"async\" src=\"https:\/\/midwestalevi.org\/wp-content\/uploads\/2015\/12\/12184022_1683531701858978_1157424006802777818_o-400x400.jpg\" height=\"400\" width=\"400\" alt=\"\" class=\"slider-711 slide-716 msDefaultImage\" \/><\/li>\n                <li style=\"display: none; width: 100%;\" class=\"slide-717 ms-image\" aria-roledescription=\"slide\" data-date=\"2015-12-05 18:37:57\" data-filename=\"12191140_1683531785192303_6603577020214858660_o-400x400.jpg\" data-slide-type=\"image\"><img loading=\"lazy\" decoding=\"async\" src=\"https:\/\/midwestalevi.org\/wp-content\/uploads\/2015\/12\/12191140_1683531785192303_6603577020214858660_o-400x400.jpg\" height=\"400\" width=\"400\" alt=\"\" class=\"slider-711 slide-717 msDefaultImage\" \/><\/li>\n                <li style=\"display: none; width: 100%;\" class=\"slide-718 ms-image\" aria-roledescription=\"slide\" data-date=\"2015-12-05 18:38:21\" data-filename=\"11224537_1683531868525628_4830018042143367912_o-400x400.jpg\" data-slide-type=\"image\"><img loading=\"lazy\" decoding=\"async\" src=\"https:\/\/midwestalevi.org\/wp-content\/uploads\/2015\/12\/11224537_1683531868525628_4830018042143367912_o-400x400.jpg\" height=\"400\" width=\"400\" alt=\"\" class=\"slider-711 slide-718 msDefaultImage\" \/><\/li>\n                <li style=\"display: none; width: 100%;\" class=\"slide-719 ms-image\" aria-roledescription=\"slide\" data-date=\"2015-12-05 18:38:37\" data-filename=\"12188239_1683532001858948_686739236732341557_o-400x400.jpg\" data-slide-type=\"image\"><img loading=\"lazy\" decoding=\"async\" src=\"https:\/\/midwestalevi.org\/wp-content\/uploads\/2015\/12\/12188239_1683532001858948_686739236732341557_o-400x400.jpg\" height=\"400\" width=\"400\" alt=\"\" class=\"slider-711 slide-719 msDefaultImage\" \/><\/li>\n                <li style=\"display: none; width: 100%;\" class=\"slide-720 ms-image\" aria-roledescription=\"slide\" data-date=\"2015-12-05 18:38:44\" data-filename=\"12191125_1683532108525604_6456414260329108961_o-400x400.jpg\" data-slide-type=\"image\"><img loading=\"lazy\" decoding=\"async\" src=\"https:\/\/midwestalevi.org\/wp-content\/uploads\/2015\/12\/12191125_1683532108525604_6456414260329108961_o-400x400.jpg\" height=\"400\" width=\"400\" alt=\"\" class=\"slider-711 slide-720 msDefaultImage\" \/><\/li>\n                <li style=\"display: none; width: 100%;\" class=\"slide-721 ms-image\" aria-roledescription=\"slide\" data-date=\"2015-12-05 18:38:57\" data-filename=\"12195030_1683532208525594_2493585819934888229_o-400x400.jpg\" data-slide-type=\"image\"><img loading=\"lazy\" decoding=\"async\" src=\"https:\/\/midwestalevi.org\/wp-content\/uploads\/2015\/12\/12195030_1683532208525594_2493585819934888229_o-400x400.jpg\" height=\"400\" width=\"400\" alt=\"\" class=\"slider-711 slide-721 msDefaultImage\" \/><\/li>\n                <li style=\"display: none; width: 100%;\" class=\"slide-722 ms-image\" aria-roledescription=\"slide\" data-date=\"2015-12-05 18:39:20\" data-filename=\"12195025_1683532371858911_2902548944694787569_o-400x400.jpg\" data-slide-type=\"image\"><img loading=\"lazy\" decoding=\"async\" src=\"https:\/\/midwestalevi.org\/wp-content\/uploads\/2015\/12\/12195025_1683532371858911_2902548944694787569_o-400x400.jpg\" height=\"400\" width=\"400\" alt=\"\" class=\"slider-711 slide-722 msDefaultImage\" \/><\/li>\n                <li style=\"display: none; width: 100%;\" class=\"slide-723 ms-image\" aria-roledescription=\"slide\" data-date=\"2015-12-05 18:40:20\" data-filename=\"12188096_1683532431858905_5785404060952305209_o-400x400.jpg\" data-slide-type=\"image\"><img loading=\"lazy\" decoding=\"async\" src=\"https:\/\/midwestalevi.org\/wp-content\/uploads\/2015\/12\/12188096_1683532431858905_5785404060952305209_o-400x400.jpg\" height=\"400\" width=\"400\" alt=\"\" class=\"slider-711 slide-723 msDefaultImage\" \/><\/li>\n                <li style=\"display: none; width: 100%;\" class=\"slide-724 ms-image\" aria-roledescription=\"slide\" data-date=\"2015-12-05 18:40:34\" data-filename=\"887455_1683532511858897_5860731704920360892_o-400x400.jpg\" data-slide-type=\"image\"><img loading=\"lazy\" decoding=\"async\" src=\"https:\/\/midwestalevi.org\/wp-content\/uploads\/2015\/12\/887455_1683532511858897_5860731704920360892_o-400x400.jpg\" height=\"400\" width=\"400\" alt=\"\" class=\"slider-711 slide-724 msDefaultImage\" \/><\/li>\n                <li style=\"display: none; width: 100%;\" class=\"slide-725 ms-image\" aria-roledescription=\"slide\" data-date=\"2015-12-05 18:40:41\" data-filename=\"12232898_1683532655192216_2946001790401597751_o-400x400.jpg\" data-slide-type=\"image\"><img loading=\"lazy\" decoding=\"async\" src=\"https:\/\/midwestalevi.org\/wp-content\/uploads\/2015\/12\/12232898_1683532655192216_2946001790401597751_o-400x400.jpg\" height=\"400\" width=\"400\" alt=\"\" class=\"slider-711 slide-725 msDefaultImage\" \/><\/li>\n                <li style=\"display: none; width: 100%;\" class=\"slide-726 ms-image\" aria-roledescription=\"slide\" data-date=\"2015-12-05 18:41:17\" data-filename=\"12189440_1683532828525532_7383517258333636235_o-400x400.jpg\" data-slide-type=\"image\"><img loading=\"lazy\" decoding=\"async\" src=\"https:\/\/midwestalevi.org\/wp-content\/uploads\/2015\/12\/12189440_1683532828525532_7383517258333636235_o-400x400.jpg\" height=\"400\" width=\"400\" alt=\"\" class=\"slider-711 slide-726 msDefaultImage\" \/><\/li>\n                <li style=\"display: none; width: 100%;\" class=\"slide-727 ms-image\" aria-roledescription=\"slide\" data-date=\"2015-12-05 18:42:09\" data-filename=\"12185058_1683532858525529_9198475047632066069_o-400x400.jpg\" data-slide-type=\"image\"><img loading=\"lazy\" decoding=\"async\" src=\"https:\/\/midwestalevi.org\/wp-content\/uploads\/2015\/12\/12185058_1683532858525529_9198475047632066069_o-400x400.jpg\" height=\"400\" width=\"400\" alt=\"\" class=\"slider-711 slide-727 msDefaultImage\" \/><\/li>\n                <li style=\"display: none; width: 100%;\" class=\"slide-728 ms-image\" aria-roledescription=\"slide\" data-date=\"2015-12-05 18:42:16\" data-filename=\"12186472_1683532901858858_2144050697651733945_o-400x400.jpg\" data-slide-type=\"image\"><img loading=\"lazy\" decoding=\"async\" src=\"https:\/\/midwestalevi.org\/wp-content\/uploads\/2015\/12\/12186472_1683532901858858_2144050697651733945_o-400x400.jpg\" height=\"400\" width=\"400\" alt=\"\" class=\"slider-711 slide-728 msDefaultImage\" \/><\/li>\n                <li style=\"display: none; width: 100%;\" class=\"slide-729 ms-image\" aria-roledescription=\"slide\" data-date=\"2015-12-05 18:42:23\" data-filename=\"12191332_1683532928525522_8006874265891801267_o-400x400.jpg\" data-slide-type=\"image\"><img loading=\"lazy\" decoding=\"async\" src=\"https:\/\/midwestalevi.org\/wp-content\/uploads\/2015\/12\/12191332_1683532928525522_8006874265891801267_o-400x400.jpg\" height=\"400\" width=\"400\" alt=\"\" class=\"slider-711 slide-729 msDefaultImage\" \/><\/li>\n                <li style=\"display: none; width: 100%;\" class=\"slide-730 ms-image\" aria-roledescription=\"slide\" data-date=\"2015-12-05 18:42:45\" data-filename=\"12184117_1683533018525513_487091331368864763_o-400x400.jpg\" data-slide-type=\"image\"><img loading=\"lazy\" decoding=\"async\" src=\"https:\/\/midwestalevi.org\/wp-content\/uploads\/2015\/12\/12184117_1683533018525513_487091331368864763_o-400x400.jpg\" height=\"400\" width=\"400\" alt=\"\" class=\"slider-711 slide-730 msDefaultImage\" \/><\/li>\n                <li style=\"display: none; width: 100%;\" class=\"slide-731 ms-image\" aria-roledescription=\"slide\" data-date=\"2015-12-05 18:42:54\" data-filename=\"11015862_1683533071858841_1248477820316304290_o-400x400.jpg\" data-slide-type=\"image\"><img loading=\"lazy\" decoding=\"async\" src=\"https:\/\/midwestalevi.org\/wp-content\/uploads\/2015\/12\/11015862_1683533071858841_1248477820316304290_o-400x400.jpg\" height=\"400\" width=\"400\" alt=\"\" class=\"slider-711 slide-731 msDefaultImage\" \/><\/li>\n                <li style=\"display: none; width: 100%;\" class=\"slide-732 ms-image\" aria-roledescription=\"slide\" data-date=\"2015-12-05 18:43:00\" data-filename=\"12187967_1683533138525501_3427062522586489833_o1-400x400.jpg\" data-slide-type=\"image\"><img loading=\"lazy\" decoding=\"async\" src=\"https:\/\/midwestalevi.org\/wp-content\/uploads\/2015\/12\/12187967_1683533138525501_3427062522586489833_o1-400x400.jpg\" height=\"400\" width=\"400\" alt=\"\" class=\"slider-711 slide-732 msDefaultImage\" \/><\/li>\n            <\/ul>\n        <\/div>\n        \n    <\/div>\n<\/div>\n<hr \/>\n<p><a href=\"http:\/\/midwestalevi.org\/wp-content\/uploads\/2015\/02\/TurkuveMuhabbetAksami20151.jpg\"><img loading=\"lazy\" decoding=\"async\" class=\"aligncenter size-full wp-image-689\" src=\"http:\/\/midwestalevi.org\/wp-content\/uploads\/2015\/02\/TurkuveMuhabbetAksami20151.jpg\" alt=\"TurkuveMuhabbetAksami2015\" width=\"720\" height=\"418\" srcset=\"https:\/\/midwestalevi.org\/wp-content\/uploads\/2015\/02\/TurkuveMuhabbetAksami20151.jpg 720w, https:\/\/midwestalevi.org\/wp-content\/uploads\/2015\/02\/TurkuveMuhabbetAksami20151-300x174.jpg 300w, https:\/\/midwestalevi.org\/wp-content\/uploads\/2015\/02\/TurkuveMuhabbetAksami20151-600x348.jpg 600w\" sizes=\"auto, (max-width: 720px) 100vw, 720px\" \/><\/a><\/p>\n<p>&nbsp;<\/p>","protected":false},"excerpt":{"rendered":"<p>2015 Etkinlikler \/ Events \u0130lk Ba\u011flama dersimiz MACC \u00dc\u00e7\u00fcnc\u00fc A\u015fure G\u00fcn\u00fc 7 Eyl\u00fcl 2015 &nbsp;<\/p>","protected":false},"author":1,"featured_media":0,"parent":0,"menu_order":0,"comment_status":"closed","ping_status":"closed","template":"","meta":{"footnotes":""},"class_list":["post-919","page","type-page","status-publish","hentry"],"_links":{"self":[{"href":"https:\/\/midwestalevi.org\/tr\/wp-json\/wp\/v2\/pages\/919","targetHints":{"allow":["GET"]}}],"collection":[{"href":"https:\/\/midwestalevi.org\/tr\/wp-json\/wp\/v2\/pages"}],"about":[{"href":"https:\/\/midwestalevi.org\/tr\/wp-json\/wp\/v2\/types\/page"}],"author":[{"embeddable":true,"href":"https:\/\/midwestalevi.org\/tr\/wp-json\/wp\/v2\/users\/1"}],"replies":[{"embeddable":true,"href":"https:\/\/midwestalevi.org\/tr\/wp-json\/wp\/v2\/comments?post=919"}],"version-history":[{"count":5,"href":"https:\/\/midwestalevi.org\/tr\/wp-json\/wp\/v2\/pages\/919\/revisions"}],"predecessor-version":[{"id":1329,"href":"https:\/\/midwestalevi.org\/tr\/wp-json\/wp\/v2\/pages\/919\/revisions\/1329"}],"wp:attachment":[{"href":"https:\/\/midwestalevi.org\/tr\/wp-json\/wp\/v2\/media?parent=919"}],"curies":[{"name":"wp","href":"https:\/\/api.w.org\/{rel}","templated":true}]}}