{"id":922,"date":"2016-12-24T10:52:18","date_gmt":"2016-12-24T16:52:18","guid":{"rendered":"http:\/\/midwestalevi.org\/?page_id=922"},"modified":"2018-04-08T23:55:39","modified_gmt":"2018-04-09T05:55:39","slug":"2016-etkinlikler-events","status":"publish","type":"page","link":"https:\/\/midwestalevi.org\/tr\/2016-etkinlikler-events\/","title":{"rendered":"2016 Etkinlikler \/ Events"},"content":{"rendered":"<p>2016 Etkinlikler \/ Events<\/p>\n<p><strong>MACC 4. A\u015fure G\u00fcn\u00fc<\/strong><\/p>\n<p><a href=\"http:\/\/midwestalevi.org\/wp-content\/uploads\/2014\/04\/Asure-Gunu-Duyurusu-2016-1.jpg\"><img loading=\"lazy\" decoding=\"async\" class=\"aligncenter size-full wp-image-904\" src=\"http:\/\/midwestalevi.org\/wp-content\/uploads\/2014\/04\/Asure-Gunu-Duyurusu-2016-1.jpg\" alt=\"asure-gunu-duyurusu-2016-1\" width=\"720\" height=\"540\" srcset=\"https:\/\/midwestalevi.org\/wp-content\/uploads\/2014\/04\/Asure-Gunu-Duyurusu-2016-1.jpg 720w, https:\/\/midwestalevi.org\/wp-content\/uploads\/2014\/04\/Asure-Gunu-Duyurusu-2016-1-300x225.jpg 300w, https:\/\/midwestalevi.org\/wp-content\/uploads\/2014\/04\/Asure-Gunu-Duyurusu-2016-1-600x450.jpg 600w\" sizes=\"auto, (max-width: 720px) 100vw, 720px\" \/><\/a><br \/>\n<strong>\u0130kinci Dayan\u0131\u015fma Pikni\u011fi<\/strong><br \/>\n<div id=\"metaslider-id-888\" style=\"max-width: 505px;\" class=\"ml-slider-3-107-0 metaslider metaslider-flex metaslider-888 ml-slider ms-theme-default nav-hidden\" role=\"region\" aria-label=\"New Slider\" data-height=\"400\" data-width=\"505\">\n    <div id=\"metaslider_container_888\">\n        <div id=\"metaslider_888\">\n            <ul class='slides'>\n                <li style=\"display: block; width: 100%;\" class=\"slide-889 ms-image\" aria-roledescription=\"slide\" data-date=\"2016-10-09 17:11:31\" data-filename=\"14332955_1797542337124580_3614239784902081815_n-505x400.jpg\" data-slide-type=\"image\"><img loading=\"lazy\" decoding=\"async\" src=\"https:\/\/midwestalevi.org\/wp-content\/uploads\/2016\/10\/14332955_1797542337124580_3614239784902081815_n-505x400.jpg\" height=\"400\" width=\"505\" alt=\"\" class=\"slider-888 slide-889 msDefaultImage\" \/><\/li>\n                <li style=\"display: none; width: 100%;\" class=\"slide-890 ms-image\" aria-roledescription=\"slide\" data-date=\"2016-10-09 17:11:34\" data-filename=\"14359020_1797542463791234_8284422032066606040_n-505x400.jpg\" data-slide-type=\"image\"><img loading=\"lazy\" decoding=\"async\" src=\"https:\/\/midwestalevi.org\/wp-content\/uploads\/2016\/10\/14359020_1797542463791234_8284422032066606040_n-505x400.jpg\" height=\"400\" width=\"505\" alt=\"\" class=\"slider-888 slide-890 msDefaultImage\" \/><\/li>\n                <li style=\"display: none; width: 100%;\" class=\"slide-891 ms-image\" aria-roledescription=\"slide\" data-date=\"2016-10-09 17:13:12\" data-filename=\"14324144_1797543993791081_6765217995953091909_o-505x400.jpg\" data-slide-type=\"image\"><img loading=\"lazy\" decoding=\"async\" src=\"https:\/\/midwestalevi.org\/wp-content\/uploads\/2016\/10\/14324144_1797543993791081_6765217995953091909_o-505x400.jpg\" height=\"400\" width=\"505\" alt=\"\" class=\"slider-888 slide-891 msDefaultImage\" \/><\/li>\n                <li style=\"display: none; width: 100%;\" class=\"slide-892 ms-image\" aria-roledescription=\"slide\" data-date=\"2016-10-09 17:13:18\" data-filename=\"14352326_1797543227124491_5047422062410358964_o-505x400.jpg\" data-slide-type=\"image\"><img loading=\"lazy\" decoding=\"async\" src=\"https:\/\/midwestalevi.org\/wp-content\/uploads\/2016\/10\/14352326_1797543227124491_5047422062410358964_o-505x400.jpg\" height=\"400\" width=\"505\" alt=\"\" class=\"slider-888 slide-892 msDefaultImage\" \/><\/li>\n                <li style=\"display: none; width: 100%;\" class=\"slide-893 ms-image\" aria-roledescription=\"slide\" data-date=\"2016-10-09 17:13:23\" data-filename=\"14361206_1797542573791223_5984744242990710208_o-505x400.jpg\" data-slide-type=\"image\"><img loading=\"lazy\" decoding=\"async\" src=\"https:\/\/midwestalevi.org\/wp-content\/uploads\/2016\/10\/14361206_1797542573791223_5984744242990710208_o-505x400.jpg\" height=\"400\" width=\"505\" alt=\"\" class=\"slider-888 slide-893 msDefaultImage\" \/><\/li>\n                <li style=\"display: none; width: 100%;\" class=\"slide-979 ms-image\" aria-roledescription=\"slide\" data-date=\"2017-04-30 13:48:54\" data-filename=\"18121808_1898125520399594_4027416648412046776_o-505x400.jpg\" data-slide-type=\"image\"><img loading=\"lazy\" decoding=\"async\" src=\"https:\/\/midwestalevi.org\/wp-content\/uploads\/2016\/12\/18121808_1898125520399594_4027416648412046776_o-505x400.jpg\" height=\"400\" width=\"505\" alt=\"\" class=\"slider-888 slide-979 msDefaultImage\" \/><\/li>\n                <li style=\"display: none; width: 100%;\" class=\"slide-894 ms-image\" aria-roledescription=\"slide\" data-date=\"2016-10-09 17:13:27\" data-filename=\"14362466_1797542977124516_495989778366007422_o-505x400.jpg\" data-slide-type=\"image\"><img loading=\"lazy\" decoding=\"async\" src=\"https:\/\/midwestalevi.org\/wp-content\/uploads\/2016\/10\/14362466_1797542977124516_495989778366007422_o-505x400.jpg\" height=\"400\" width=\"505\" alt=\"\" class=\"slider-888 slide-894 msDefaultImage\" \/><\/li>\n                <li style=\"display: none; width: 100%;\" class=\"slide-895 ms-image\" aria-roledescription=\"slide\" data-date=\"2016-10-09 17:13:34\" data-filename=\"14380080_1797544290457718_8592848539216242962_o-505x400.jpg\" data-slide-type=\"image\"><img loading=\"lazy\" decoding=\"async\" src=\"https:\/\/midwestalevi.org\/wp-content\/uploads\/2016\/10\/14380080_1797544290457718_8592848539216242962_o-505x400.jpg\" height=\"400\" width=\"505\" alt=\"\" class=\"slider-888 slide-895 msDefaultImage\" \/><\/li>\n                <li style=\"display: none; width: 100%;\" class=\"slide-896 ms-image\" aria-roledescription=\"slide\" data-date=\"2016-10-09 17:13:40\" data-filename=\"14424796_1797542947124519_1731010680688156268_o-505x400.jpg\" data-slide-type=\"image\"><img loading=\"lazy\" decoding=\"async\" src=\"https:\/\/midwestalevi.org\/wp-content\/uploads\/2016\/10\/14424796_1797542947124519_1731010680688156268_o-505x400.jpg\" height=\"400\" width=\"505\" alt=\"\" class=\"slider-888 slide-896 msDefaultImage\" \/><\/li>\n                <li style=\"display: none; width: 100%;\" class=\"slide-973 ms-image\" aria-roledescription=\"slide\" data-date=\"2017-04-30 13:48:10\" data-filename=\"17966204_1898128513732628_3565897863639678823_o-505x400.jpg\" data-slide-type=\"image\"><img loading=\"lazy\" decoding=\"async\" src=\"https:\/\/midwestalevi.org\/wp-content\/uploads\/2016\/12\/17966204_1898128513732628_3565897863639678823_o-505x400.jpg\" height=\"400\" width=\"505\" alt=\"\" class=\"slider-888 slide-973 msDefaultImage\" \/><\/li>\n                <li style=\"display: none; width: 100%;\" class=\"slide-897 ms-image\" aria-roledescription=\"slide\" data-date=\"2016-10-09 17:13:47\" data-filename=\"14425355_1797543603791120_6867924814048056091_o-505x400.jpg\" data-slide-type=\"image\"><img loading=\"lazy\" decoding=\"async\" src=\"https:\/\/midwestalevi.org\/wp-content\/uploads\/2016\/10\/14425355_1797543603791120_6867924814048056091_o-505x400.jpg\" height=\"400\" width=\"505\" alt=\"\" class=\"slider-888 slide-897 msDefaultImage\" \/><\/li>\n                <li style=\"display: none; width: 100%;\" class=\"slide-898 ms-image\" aria-roledescription=\"slide\" data-date=\"2016-10-09 17:13:53\" data-filename=\"14435206_1797543710457776_7602987681477098383_o-505x400.jpg\" data-slide-type=\"image\"><img loading=\"lazy\" decoding=\"async\" src=\"https:\/\/midwestalevi.org\/wp-content\/uploads\/2016\/10\/14435206_1797543710457776_7602987681477098383_o-505x400.jpg\" height=\"400\" width=\"505\" alt=\"\" class=\"slider-888 slide-898 msDefaultImage\" \/><\/li>\n                <li style=\"display: none; width: 100%;\" class=\"slide-976 ms-image\" aria-roledescription=\"slide\" data-date=\"2017-04-30 13:48:32\" data-filename=\"18076891_1898127903732689_3049928035263781418_o-505x400.jpg\" data-slide-type=\"image\"><img loading=\"lazy\" decoding=\"async\" src=\"https:\/\/midwestalevi.org\/wp-content\/uploads\/2016\/12\/18076891_1898127903732689_3049928035263781418_o-505x400.jpg\" height=\"400\" width=\"505\" alt=\"\" class=\"slider-888 slide-976 msDefaultImage\" \/><\/li>\n                <li style=\"display: none; width: 100%;\" class=\"slide-900 ms-image\" aria-roledescription=\"slide\" data-date=\"2016-10-09 17:14:06\" data-filename=\"14435245_1797543027124511_8230546931747069229_o-505x400.jpg\" data-slide-type=\"image\"><img loading=\"lazy\" decoding=\"async\" src=\"https:\/\/midwestalevi.org\/wp-content\/uploads\/2016\/10\/14435245_1797543027124511_8230546931747069229_o-505x400.jpg\" height=\"400\" width=\"505\" alt=\"\" class=\"slider-888 slide-900 msDefaultImage\" \/><\/li>\n                <li style=\"display: none; width: 100%;\" class=\"slide-975 ms-image\" aria-roledescription=\"slide\" data-date=\"2017-04-30 13:48:25\" data-filename=\"18076816_1898126867066126_5214613267546412074_o-505x400.jpg\" data-slide-type=\"image\"><img loading=\"lazy\" decoding=\"async\" src=\"https:\/\/midwestalevi.org\/wp-content\/uploads\/2016\/12\/18076816_1898126867066126_5214613267546412074_o-505x400.jpg\" height=\"400\" width=\"505\" alt=\"\" class=\"slider-888 slide-975 msDefaultImage\" \/><\/li>\n                <li style=\"display: none; width: 100%;\" class=\"slide-980 ms-image\" aria-roledescription=\"slide\" data-date=\"2017-04-30 13:49:02\" data-filename=\"18155827_1898127463732733_5233144388652504616_o-505x400.jpg\" data-slide-type=\"image\"><img loading=\"lazy\" decoding=\"async\" src=\"https:\/\/midwestalevi.org\/wp-content\/uploads\/2016\/12\/18155827_1898127463732733_5233144388652504616_o-505x400.jpg\" height=\"400\" width=\"505\" alt=\"\" class=\"slider-888 slide-980 msDefaultImage\" \/><\/li>\n            <\/ul>\n        <\/div>\n        \n    <\/div>\n<\/div><\/p>\n<p><a href=\"http:\/\/midwestalevi.org\/wp-content\/uploads\/2014\/04\/Sivrice-Huyuk-Yalniz-Degildir-5.png\"><img loading=\"lazy\" decoding=\"async\" class=\"aligncenter size-full wp-image-825\" src=\"http:\/\/midwestalevi.org\/wp-content\/uploads\/2014\/04\/Sivrice-Huyuk-Yalniz-Degildir-5.png\" alt=\"Sivrice Huyuk Yalniz Degildir (5)\" width=\"866\" height=\"516\" srcset=\"https:\/\/midwestalevi.org\/wp-content\/uploads\/2014\/04\/Sivrice-Huyuk-Yalniz-Degildir-5.png 866w, https:\/\/midwestalevi.org\/wp-content\/uploads\/2014\/04\/Sivrice-Huyuk-Yalniz-Degildir-5-300x179.png 300w, https:\/\/midwestalevi.org\/wp-content\/uploads\/2014\/04\/Sivrice-Huyuk-Yalniz-Degildir-5-600x358.png 600w, https:\/\/midwestalevi.org\/wp-content\/uploads\/2014\/04\/Sivrice-Huyuk-Yalniz-Degildir-5-800x477.png 800w\" sizes=\"auto, (max-width: 866px) 100vw, 866px\" \/><\/a><\/p>\n<p>Degerli Arkadaslar,<\/p>\n<p>Orta-Bat\u0131 Amerika\u2019da ya\u015fayan Alevi-Bekta\u015fi Toplumunun \u00fcyeleri olarak,<br \/>\nT\u00fcrkiye\u2019de devlet ve h\u00fck\u00fcmet taraf\u0131ndan Anadolu\u2019da kalmi\u015f olan sayili<br \/>\nAlevi yerle\u015fkelerine Suriyeli m\u00fclteciler icin yap\u0131lmak istenen kamplara<br \/>\nkar\u015f\u0131 kayg\u0131lar\u0131m\u0131z\u0131 ifade etmek i\u00e7in bir araya geliyoruz.<\/p>\n<p>Bunun o b\u00f6lgelerde ya\u015fayan Alevi-Bekta\u015filerin asimilasyonu i\u00e7in uygulamaya<br \/>\nsokulan demografik ve k\u00fclt\u00fcrel bir transformasyon projesi oldu\u011funa<br \/>\ninaniyoruz.<\/p>\n<p>AKP h\u00fck\u00fcmetinin ayrilik\u00e7i uygulamalar\u0131na kar\u015f\u0131 durmak ve Alevilerin dini<br \/>\nve k\u00fclt\u00fcrel \u00f6zg\u00fcrl\u00fcklerini savunmak i\u00e7in etkinli\u011fimizde kat\u0131l\u0131n.<\/p>\n<p>MACC Y\u00f6netim Kurulu<\/p>\n<p><a title=\"Sivrice Huyuk Yanliz Degildir\" href=\"https:\/\/www.facebook.com\/events\/832346266890761\/\">Sivrice Huyuk Yaln\u0131z De\u011fildir- Time and Place<\/a><\/p>","protected":false},"excerpt":{"rendered":"<p>2016 Etkinlikler \/ Events MACC 4. A\u015fure G\u00fcn\u00fc \u0130kinci Dayan\u0131\u015fma Pikni\u011fi Degerli Arkadaslar, Orta-Bat\u0131 Amerika\u2019da ya\u015fayan Alevi-Bekta\u015fi Toplumunun \u00fcyeleri olarak, T\u00fcrkiye\u2019de devlet ve h\u00fck\u00fcmet taraf\u0131ndan Anadolu\u2019da kalmi\u015f olan sayili Alevi yerle\u015fkelerine Suriyeli m\u00fclteciler icin yap\u0131lmak istenen kamplara kar\u015f\u0131 kayg\u0131lar\u0131m\u0131z\u0131 ifade etmek i\u00e7in bir araya geliyoruz. Bunun o b\u00f6lgelerde ya\u015fayan Alevi-Bekta\u015filerin asimilasyonu i\u00e7in uygulamaya sokulan demografik&#8230;<\/p>","protected":false},"author":1,"featured_media":0,"parent":0,"menu_order":0,"comment_status":"closed","ping_status":"closed","template":"","meta":{"footnotes":""},"class_list":["post-922","page","type-page","status-publish","hentry"],"_links":{"self":[{"href":"https:\/\/midwestalevi.org\/tr\/wp-json\/wp\/v2\/pages\/922","targetHints":{"allow":["GET"]}}],"collection":[{"href":"https:\/\/midwestalevi.org\/tr\/wp-json\/wp\/v2\/pages"}],"about":[{"href":"https:\/\/midwestalevi.org\/tr\/wp-json\/wp\/v2\/types\/page"}],"author":[{"embeddable":true,"href":"https:\/\/midwestalevi.org\/tr\/wp-json\/wp\/v2\/users\/1"}],"replies":[{"embeddable":true,"href":"https:\/\/midwestalevi.org\/tr\/wp-json\/wp\/v2\/comments?post=922"}],"version-history":[{"count":6,"href":"https:\/\/midwestalevi.org\/tr\/wp-json\/wp\/v2\/pages\/922\/revisions"}],"predecessor-version":[{"id":1327,"href":"https:\/\/midwestalevi.org\/tr\/wp-json\/wp\/v2\/pages\/922\/revisions\/1327"}],"wp:attachment":[{"href":"https:\/\/midwestalevi.org\/tr\/wp-json\/wp\/v2\/media?parent=922"}],"curies":[{"name":"wp","href":"https:\/\/api.w.org\/{rel}","templated":true}]}}